{"id":2940,"date":"2025-04-15T17:01:00","date_gmt":"2025-04-15T15:01:00","guid":{"rendered":"https:\/\/www.smeraldoterme.it\/?page_id=2940"},"modified":"2025-04-18T12:03:34","modified_gmt":"2025-04-18T10:03:34","slug":"ritrova-il-tuo-benessere-alle-terme-smeraldo","status":"publish","type":"page","link":"https:\/\/www.smeraldoterme.it\/it\/ritrova-il-tuo-benessere-alle-terme-smeraldo\/","title":{"rendered":"Ritrova il tuo benessere alle Terme Smeraldo"},"content":{"rendered":"<div  class=\"grids-section grids-is-advanced\" style=\"--_gs-gap-desktop:0px 0px;--_gs-m-desktop:0 0 0 0;--_gs-p-desktop:0 0 0 0;--_gs-bg-desktop:transparent none;--_gs-bg-xp-desktop:0px;--_gs-zi-desktop:auto;--_gs-d-desktop:block;--_gs-mw-desktop:calc(100% - 0 - 0);--_gs-gap-tablet:0px 0px;--_gs-m-tablet:0 0 0 0;--_gs-p-tablet:0 0 0 0;--_gs-bg-tablet:transparent none;--_gs-bg-xp-tablet:0px;--_gs-zi-tablet:auto;--_gs-d-tablet:block;--_gs-mw-tablet:calc(100% - 0 - 0);--_gs-gap-mobile:0px 0px;--_gs-m-mobile:0 0 0 0;--_gs-p-mobile:0 0 0 0;--_gs-bg-mobile:transparent none;--_gs-bg-xp-mobile:0px;--_gs-zi-mobile:auto;--_gs-d-mobile:block;--_gs-mw-mobile:calc(100% - 0 - 0);--_gs-columns:12;--_gs-rows:6\"><div class=\"grids-s-w_i\">\n<div class=\"grids-area\" style=\"--_ga-column:5\/10;--_ga-row:2\/3;--_ga-m-desktop:0 0 0 0;--_ga-p-desktop:0 0 0 0;--_ga-bg-desktop:transparent none;--_ga-zi-desktop:auto;--_ga-d-desktop:flex;--_ga-mw-desktop:calc(100% - 0 - 0);--_ga-m-tablet:0 0 0 0;--_ga-p-tablet:0 0 0 0;--_ga-bg-tablet:transparent none;--_ga-zi-tablet:auto;--_ga-d-tablet:flex;--_ga-mw-tablet:calc(100% - 0 - 0);--_ga-m-mobile:0 0 0 0;--_ga-p-mobile:0 0 0 0;--_ga-bg-mobile:transparent none;--_ga-zi-mobile:auto;--_ga-d-mobile:flex;--_ga-mw-mobile:calc(100% - 0 - 0)\">\n\n<h2 class=\"wp-block-heading has-text-align-center landing-firstblock-subtitle\">Prenota ora e ricevi il<strong> 5% di sconto<\/strong><\/h2>\n\n<\/div>\n\n<div class=\"grids-area\" style=\"--_ga-column:3\/12;--_ga-row:3\/5;--_ga-m-desktop:0 0 0 0;--_ga-p-desktop:0 0 0 0;--_ga-bg-desktop:transparent none;--_ga-zi-desktop:auto;--_ga-d-desktop:flex;--_ga-mw-desktop:calc(100% - 0 - 0);--_ga-m-tablet:0 0 0 0;--_ga-p-tablet:0 0 0 0;--_ga-bg-tablet:transparent none;--_ga-zi-tablet:auto;--_ga-d-tablet:flex;--_ga-mw-tablet:calc(100% - 0 - 0);--_ga-m-mobile:0 0 0 0;--_ga-p-mobile:0 0 0 0;--_ga-bg-mobile:transparent none;--_ga-zi-mobile:auto;--_ga-d-mobile:flex;--_ga-mw-mobile:calc(100% - 0 - 0)\">\n\n<p class=\"has-text-align-center\">Approfitta della promozione esclusiva dedicata ai nostri ospiti online. <br>Inserisci il codice <strong>SPRING25<\/strong> al momento della prenotazione e goditi il <strong>5% di sconto sul tuo soggiorno.<\/strong><\/p>\n\n<\/div>\n\n<div class=\"grids-area\" style=\"--_ga-column:5\/10;--_ga-row:5\/6;--_ga-m-desktop:0 0 0 0;--_ga-p-desktop:0 0 0 0;--_ga-bg-desktop:transparent none;--_ga-zi-desktop:auto;--_ga-d-desktop:flex;--_ga-mw-desktop:calc(100% - 0 - 0);--_ga-m-tablet:0 0 0 0;--_ga-p-tablet:0 0 0 0;--_ga-bg-tablet:transparent none;--_ga-zi-tablet:auto;--_ga-d-tablet:flex;--_ga-mw-tablet:calc(100% - 0 - 0);--_ga-m-mobile:0 0 0 0;--_ga-p-mobile:0 0 0 0;--_ga-bg-mobile:transparent none;--_ga-zi-mobile:auto;--_ga-d-mobile:flex;--_ga-mw-mobile:calc(100% - 0 - 0)\">\n\n<div class=\"wp-block-buttons is-content-justification-center is-layout-flex wp-container-core-buttons-is-layout-16018d1d wp-block-buttons-is-layout-flex\">\n<div class=\"wp-block-button\"><a class=\"wp-block-button__link wp-element-button\" href=\"https:\/\/booking.passepartout.cloud\/booking?oidPortale=15997&amp;lingua=it&amp;codicePromozione=SPRING25\" target=\"_blank\" rel=\"noreferrer noopener\">Copia il CODICE SPRING25 e prenota ora<\/a><\/div>\n<\/div>\n\n<\/div>\n<\/div><\/div>\n\n\n<div style=\"height:50px\" aria-hidden=\"true\" class=\"wp-block-spacer\"><\/div>\n\n\n<div  class=\"grids-section landing-secondblock grids-is-advanced alignwide\" style=\"--_gs-gap-desktop:0px 0px;--_gs-m-desktop:0 0 0 0;--_gs-p-desktop:0 0 0 0;--_gs-bg-desktop:#ffffff url(https:\/\/www.smeraldoterme.it\/wp-content\/uploads\/2025\/04\/landing-background-secondblock.webp) no-repeat 50% 50%  \/ cover;--_gs-bg-xp-desktop:0px;--_gs-zi-desktop:auto;--_gs-d-desktop:block;--_gs-mw-desktop:calc(100% - 0 - 0);--_gs-gap-tablet:0px 0px;--_gs-m-tablet:0 0 0 0;--_gs-p-tablet:0 0 0 0;--_gs-bg-tablet:#ffffff url(https:\/\/www.smeraldoterme.it\/wp-content\/uploads\/2025\/04\/landing-background-secondblock.webp) no-repeat 50% 50%  \/ cover;--_gs-bg-xp-tablet:0px;--_gs-zi-tablet:auto;--_gs-d-tablet:block;--_gs-mw-tablet:calc(100% - 0 - 0);--_gs-gap-mobile:0px 0px;--_gs-m-mobile:0 0 0 0;--_gs-p-mobile:0 0 0 0;--_gs-bg-mobile:#ffffff url(https:\/\/www.smeraldoterme.it\/wp-content\/uploads\/2025\/04\/landing-background-secondblock.webp) no-repeat 50% 50%  \/ cover;--_gs-bg-xp-mobile:0px;--_gs-zi-mobile:auto;--_gs-d-mobile:block;--_gs-mw-mobile:calc(100% - 0 - 0);--_gs-columns:12;--_gs-rows:6\"><div class=\"grids-s-w_i\">\n<div class=\"grids-area landing-secondblock-firstcolumn\" style=\"--_ga-column:2\/7;--_ga-row:2\/6;--_ga-m-desktop:0 0 0 0;--_ga-p-desktop:0 0 0 0;--_ga-bg-desktop:transparent none;--_ga-zi-desktop:auto;--_ga-d-desktop:flex;--_ga-mw-desktop:calc(100% - 0 - 0);--_ga-m-tablet:0 0 0 0;--_ga-p-tablet:0 0 0 0;--_ga-bg-tablet:transparent none;--_ga-zi-tablet:auto;--_ga-d-tablet:flex;--_ga-mw-tablet:calc(100% - 0 - 0);--_ga-m-mobile:0 0 0 0;--_ga-p-mobile:0 0 0 0;--_ga-bg-mobile:transparent none;--_ga-zi-mobile:auto;--_ga-d-mobile:flex;--_ga-mw-mobile:calc(100% - 0 - 0)\">\n<div class=\"wp-block-image landing-secondblock-image\">\n<figure class=\"aligncenter size-full\"><img loading=\"lazy\" decoding=\"async\" width=\"904\" height=\"601\" src=\"https:\/\/www.smeraldoterme.it\/wp-content\/uploads\/2025\/04\/Piscina-landing.webp\" alt=\"\" class=\"wp-image-2950\" srcset=\"https:\/\/www.smeraldoterme.it\/wp-content\/uploads\/2025\/04\/Piscina-landing.webp 904w, https:\/\/www.smeraldoterme.it\/wp-content\/uploads\/2025\/04\/Piscina-landing-300x199.webp 300w, https:\/\/www.smeraldoterme.it\/wp-content\/uploads\/2025\/04\/Piscina-landing-768x511.webp 768w\" sizes=\"auto, (max-width: 904px) 100vw, 904px\" \/><\/figure>\n<\/div>\n\n\n<p class=\"landing-label\">Solo per un periodo limitato<\/p>\n\n<\/div>\n\n<div class=\"grids-area\" style=\"--_ga-column:7\/12;--_ga-row:2\/6;--_ga-va:center;--_ga-m-desktop:0 0 0 0;--_ga-p-desktop:0 0 0 0;--_ga-bg-desktop:transparent none;--_ga-zi-desktop:auto;--_ga-d-desktop:flex;--_ga-mw-desktop:calc(100% - 0 - 0);--_ga-m-tablet:0 0 0 0;--_ga-p-tablet:0 0 0 0;--_ga-bg-tablet:transparent none;--_ga-zi-tablet:auto;--_ga-d-tablet:flex;--_ga-mw-tablet:calc(100% - 0 - 0);--_ga-m-mobile:0 0 0 0;--_ga-p-mobile:0 0 0 0;--_ga-bg-mobile:transparent none;--_ga-zi-mobile:auto;--_ga-d-mobile:flex;--_ga-mw-mobile:calc(100% - 0 - 0)\">\n\n<p class=\"landing-secondblock-text\">Immagina di entrare in un luogo dove il tempo rallenta e il tuo corpo finalmente respira.<br>Alle Terme Smeraldo ogni dettaglio \u00e8 pensato per farti sentire <strong>accolto, coccolato, rigenerato.<\/strong><br>Non \u00e8 solo una fuga dalla routine, \u00e8 un ritorno a te. Qui, il relax non \u00e8 un lusso: \u00e8 la tua nuova normalit\u00e0.<br><br><strong>Perch\u00e9 aspettare? Il tuo corpo te lo sta gi\u00e0 chiedendo.<\/strong><\/p>\n\n\n\n<div class=\"wp-block-buttons landing-secondblock-button is-content-justification-left is-layout-flex wp-container-core-buttons-is-layout-fdcfc74e wp-block-buttons-is-layout-flex\">\n<div class=\"wp-block-button\"><a class=\"wp-block-button__link wp-element-button\" href=\"https:\/\/booking.passepartout.cloud\/booking?oidPortale=15997&amp;lingua=it&amp;codicePromozione=SPRING25\" target=\"_blank\" rel=\"noreferrer noopener\">Prenota ora e risparmia<\/a><\/div>\n<\/div>\n\n<\/div>\n<\/div><\/div>\n\n\n<div style=\"height:50px\" aria-hidden=\"true\" class=\"wp-block-spacer\"><\/div>\n\n\n<div  class=\"grids-section landing-thirdblock grids-is-advanced alignwide\" style=\"--_gs-gap-desktop:0px 0px;--_gs-m-desktop:0 0 0 0;--_gs-p-desktop:0 0 0 0;--_gs-bg-desktop:transparent none;--_gs-bg-xp-desktop:0px;--_gs-zi-desktop:auto;--_gs-d-desktop:block;--_gs-mw-desktop:calc(100% - 0 - 0);--_gs-gap-tablet:0px 0px;--_gs-m-tablet:0 0 0 0;--_gs-p-tablet:0 0 0 0;--_gs-bg-tablet:transparent none;--_gs-bg-xp-tablet:0px;--_gs-zi-tablet:auto;--_gs-d-tablet:block;--_gs-mw-tablet:calc(100% - 0 - 0);--_gs-gap-mobile:0px 0px;--_gs-m-mobile:0 0 0 0;--_gs-p-mobile:0 0 0 0;--_gs-bg-mobile:transparent none;--_gs-bg-xp-mobile:0px;--_gs-zi-mobile:auto;--_gs-d-mobile:block;--_gs-mw-mobile:calc(100% - 0 - 0);--_gs-columns:12;--_gs-rows:6\"><div class=\"grids-s-w_i\">\n<div class=\"grids-area\" style=\"--_ga-column:4\/10;--_ga-row:2\/4;--_ga-m-desktop:0 0 0 0;--_ga-p-desktop:0 0 0 0;--_ga-bg-desktop:transparent none;--_ga-zi-desktop:auto;--_ga-d-desktop:flex;--_ga-mw-desktop:calc(100% - 0 - 0);--_ga-m-tablet:0 0 0 0;--_ga-p-tablet:0 0 0 0;--_ga-bg-tablet:transparent none;--_ga-zi-tablet:auto;--_ga-d-tablet:flex;--_ga-mw-tablet:calc(100% - 0 - 0);--_ga-m-mobile:0 0 0 0;--_ga-p-mobile:0 0 0 0;--_ga-bg-mobile:transparent none;--_ga-zi-mobile:auto;--_ga-d-mobile:flex;--_ga-mw-mobile:calc(100% - 0 - 0)\">\n\n<h2 class=\"wp-block-heading has-text-align-center\">Cosa ti aspetta all\u2019Hotel Smeraldo Terme<\/h2>\n\n\n\n<div style=\"height:50px\" aria-hidden=\"true\" class=\"wp-block-spacer\"><\/div>\n\n<\/div>\n\n<div class=\"grids-area landing-thirdblock-elencorow\" style=\"--_ga-column:2\/12;--_ga-row:4\/6;--_ga-m-desktop:0 0 0 0;--_ga-p-desktop:0 0 0 0;--_ga-bg-desktop:transparent none;--_ga-zi-desktop:auto;--_ga-d-desktop:flex;--_ga-mw-desktop:calc(100% - 0 - 0);--_ga-m-tablet:0 0 0 0;--_ga-p-tablet:0 0 0 0;--_ga-bg-tablet:transparent none;--_ga-zi-tablet:auto;--_ga-d-tablet:flex;--_ga-mw-tablet:calc(100% - 0 - 0);--_ga-m-mobile:0 0 0 0;--_ga-p-mobile:0 0 0 0;--_ga-bg-mobile:transparent none;--_ga-zi-mobile:auto;--_ga-d-mobile:flex;--_ga-mw-mobile:calc(100% - 0 - 0)\">\n\n<div class=\"wp-block-columns elenco-columns is-layout-flex wp-container-core-columns-is-layout-9d6595d7 wp-block-columns-is-layout-flex\">\n<div class=\"wp-block-column is-layout-flow wp-block-column-is-layout-flow\">\n<ul class=\"wp-block-list landing-thirdblock-elenco\">\n<li>Piscine termali interne ed esterne<\/li>\n\n\n\n<li>Centro benessere e SPA<\/li>\n<\/ul>\n<\/div>\n\n\n\n<div class=\"wp-block-column is-layout-flow wp-block-column-is-layout-flow\">\n<ul class=\"wp-block-list landing-thirdblock-elenco\">\n<li>Trattamenti termali e massaggi<\/li>\n\n\n\n<li>Camere accoglienti con vista<\/li>\n<\/ul>\n<\/div>\n\n\n\n<div class=\"wp-block-column is-layout-flow wp-block-column-is-layout-flow\">\n<ul class=\"wp-block-list landing-thirdblock-elenco\">\n<li>Ottima colazione a buffet<\/li>\n\n\n\n<li>Cure termali<\/li>\n<\/ul>\n<\/div>\n<\/div>\n\n<\/div>\n<\/div><\/div>\n\n\n<div style=\"height:50px\" aria-hidden=\"true\" class=\"wp-block-spacer\"><\/div>\n\n\n<div  class=\"grids-section landing-fourthblock grids-is-advanced alignwide\" style=\"--_gs-gap-desktop:0px 0px;--_gs-m-desktop:0 0 0 0;--_gs-p-desktop:0 0 0 0;--_gs-bg-desktop:#e8f1f1 none;--_gs-bg-xp-desktop:0px;--_gs-zi-desktop:auto;--_gs-d-desktop:block;--_gs-mw-desktop:calc(100% - 0 - 0);--_gs-gap-tablet:0px 0px;--_gs-m-tablet:0 0 0 0;--_gs-p-tablet:0 0 0 0;--_gs-bg-tablet:#e8f1f1 none;--_gs-bg-xp-tablet:0px;--_gs-zi-tablet:auto;--_gs-d-tablet:block;--_gs-mw-tablet:calc(100% - 0 - 0);--_gs-gap-mobile:0px 0px;--_gs-m-mobile:0 0 0 0;--_gs-p-mobile:0 0 0 0;--_gs-bg-mobile:#e8f1f1 none;--_gs-bg-xp-mobile:0px;--_gs-zi-mobile:auto;--_gs-d-mobile:block;--_gs-mw-mobile:calc(100% - 0 - 0);--_gs-columns:12;--_gs-rows:6\"><div class=\"grids-s-w_i\">\n<div class=\"grids-area\" style=\"--_ga-column:2\/7;--_ga-row:2\/6;--_ga-va:center;--_ga-m-desktop:0 0 0 0;--_ga-p-desktop:0 0 0 0;--_ga-bg-desktop:transparent none;--_ga-zi-desktop:auto;--_ga-d-desktop:flex;--_ga-mw-desktop:calc(100% - 0 - 0);--_ga-m-tablet:0 0 0 0;--_ga-p-tablet:0 0 0 0;--_ga-bg-tablet:transparent none;--_ga-zi-tablet:auto;--_ga-d-tablet:flex;--_ga-mw-tablet:calc(100% - 0 - 0);--_ga-m-mobile:0 0 0 0;--_ga-p-mobile:0 0 0 0;--_ga-bg-mobile:transparent none;--_ga-zi-mobile:auto;--_ga-d-mobile:flex;--_ga-mw-mobile:calc(100% - 0 - 0)\">\n\n<h2 class=\"wp-block-heading\">Informazioni utili<\/h2>\n\n\n\n<div style=\"height:30px\" aria-hidden=\"true\" class=\"wp-block-spacer\"><\/div>\n\n\n\n<ul class=\"landing-info-elenco\">\n  <li class=\"landing-info-entry\"><span class=\"landing-info-title\">Come posso usare il codice sconto?<\/span><\/li>\nInseriscilo nel campo \u201cCodice promozionale\u201d durante la prenotazione online.\n<br><br>\n <li class=\"landing-info-entry\"><span class=\"landing-info-title\">Lo sconto vale su tutti i pacchetti?<\/span><\/li>\nS\u00ec, \u00e8 valido su tutti i soggiorni prenotabili online.\n<\/ul>\n\n\n\n<div style=\"height:30px\" aria-hidden=\"true\" class=\"wp-block-spacer\"><\/div>\n\n\n\n<div class=\"wp-block-buttons is-content-justification-left is-layout-flex wp-container-core-buttons-is-layout-fdcfc74e wp-block-buttons-is-layout-flex\">\n<div class=\"wp-block-button\"><a class=\"wp-block-button__link wp-element-button\" href=\"https:\/\/booking.passepartout.cloud\/booking?oidPortale=15997&amp;lingua=it&amp;codicePromozione=SPRING25\" target=\"_blank\" rel=\"noreferrer noopener\">Prenota ora e risparmia<\/a><\/div>\n<\/div>\n\n<\/div>\n\n<div class=\"grids-area\" style=\"--_ga-column:7\/12;--_ga-row:2\/6;--_ga-m-desktop:0 0 0 0;--_ga-p-desktop:0 0 0 0;--_ga-bg-desktop:transparent none;--_ga-zi-desktop:auto;--_ga-d-desktop:flex;--_ga-mw-desktop:calc(100% - 0 - 0);--_ga-m-tablet:0 0 0 0;--_ga-p-tablet:0 0 0 0;--_ga-bg-tablet:transparent none;--_ga-zi-tablet:auto;--_ga-d-tablet:flex;--_ga-mw-tablet:calc(100% - 0 - 0);--_ga-m-mobile:0 0 0 0;--_ga-p-mobile:0 0 0 0;--_ga-bg-mobile:transparent none;--_ga-zi-mobile:auto;--_ga-d-mobile:flex;--_ga-mw-mobile:calc(100% - 0 - 0)\">\n<div class=\"wp-block-image\">\n<figure class=\"aligncenter size-full is-resized\"><img loading=\"lazy\" decoding=\"async\" width=\"600\" height=\"900\" src=\"https:\/\/www.smeraldoterme.it\/wp-content\/uploads\/2025\/04\/Landing-info-img.webp\" alt=\"\" class=\"wp-image-2992\" style=\"object-fit:cover;width:420px;height:540px\" srcset=\"https:\/\/www.smeraldoterme.it\/wp-content\/uploads\/2025\/04\/Landing-info-img.webp 600w, https:\/\/www.smeraldoterme.it\/wp-content\/uploads\/2025\/04\/Landing-info-img-200x300.webp 200w\" sizes=\"auto, (max-width: 600px) 100vw, 600px\" \/><\/figure>\n<\/div>\n<\/div>\n<\/div><\/div>\n\n\n\n","protected":false},"excerpt":{"rendered":"","protected":false},"author":13,"featured_media":2944,"parent":0,"menu_order":0,"comment_status":"closed","ping_status":"closed","template":"","meta":{"_acf_changed":false,"advgb_blocks_editor_width":"","advgb_blocks_columns_visual_guide":"","footnotes":""},"class_list":["post-2940","page","type-page","status-publish","has-post-thumbnail","hentry","entry"],"acf":[],"yoast_head":"<!-- This site is optimized with the Yoast SEO plugin v26.0 - https:\/\/yoast.com\/wordpress\/plugins\/seo\/ -->\n<title>Ritrova il tuo benessere alle Terme Smeraldo - Hotel Smeraldo<\/title>\n<meta name=\"robots\" content=\"index, follow, max-snippet:-1, max-image-preview:large, max-video-preview:-1\" \/>\n<link rel=\"canonical\" href=\"https:\/\/www.smeraldoterme.it\/it\/ritrova-il-tuo-benessere-alle-terme-smeraldo\/\" \/>\n<meta property=\"og:locale\" content=\"it_IT\" \/>\n<meta property=\"og:type\" content=\"article\" \/>\n<meta property=\"og:title\" content=\"Ritrova il tuo benessere alle Terme Smeraldo - Hotel Smeraldo\" \/>\n<meta property=\"og:url\" content=\"https:\/\/www.smeraldoterme.it\/it\/ritrova-il-tuo-benessere-alle-terme-smeraldo\/\" \/>\n<meta property=\"og:site_name\" content=\"Hotel Smeraldo\" \/>\n<meta property=\"article:modified_time\" content=\"2025-04-18T10:03:34+00:00\" \/>\n<meta property=\"og:image\" content=\"https:\/\/www.smeraldoterme.it\/wp-content\/uploads\/2025\/04\/Header-landing.webp\" \/>\n\t<meta property=\"og:image:width\" content=\"1920\" \/>\n\t<meta property=\"og:image:height\" content=\"1281\" \/>\n\t<meta property=\"og:image:type\" content=\"image\/webp\" \/>\n<meta name=\"twitter:card\" content=\"summary_large_image\" \/>\n<meta name=\"twitter:label1\" content=\"Tempo di lettura stimato\" \/>\n\t<meta name=\"twitter:data1\" content=\"2 minuti\" \/>\n<script type=\"application\/ld+json\" class=\"yoast-schema-graph\">{\"@context\":\"https:\/\/schema.org\",\"@graph\":[{\"@type\":\"WebPage\",\"@id\":\"https:\/\/www.smeraldoterme.it\/it\/ritrova-il-tuo-benessere-alle-terme-smeraldo\/\",\"url\":\"https:\/\/www.smeraldoterme.it\/it\/ritrova-il-tuo-benessere-alle-terme-smeraldo\/\",\"name\":\"Ritrova il tuo benessere alle Terme Smeraldo - Hotel Smeraldo\",\"isPartOf\":{\"@id\":\"https:\/\/www.smeraldoterme.it\/it\/#website\"},\"primaryImageOfPage\":{\"@id\":\"https:\/\/www.smeraldoterme.it\/it\/ritrova-il-tuo-benessere-alle-terme-smeraldo\/#primaryimage\"},\"image\":{\"@id\":\"https:\/\/www.smeraldoterme.it\/it\/ritrova-il-tuo-benessere-alle-terme-smeraldo\/#primaryimage\"},\"thumbnailUrl\":\"https:\/\/www.smeraldoterme.it\/wp-content\/uploads\/2025\/04\/Header-landing.webp\",\"datePublished\":\"2025-04-15T15:01:00+00:00\",\"dateModified\":\"2025-04-18T10:03:34+00:00\",\"breadcrumb\":{\"@id\":\"https:\/\/www.smeraldoterme.it\/it\/ritrova-il-tuo-benessere-alle-terme-smeraldo\/#breadcrumb\"},\"inLanguage\":\"it-IT\",\"potentialAction\":[{\"@type\":\"ReadAction\",\"target\":[\"https:\/\/www.smeraldoterme.it\/it\/ritrova-il-tuo-benessere-alle-terme-smeraldo\/\"]}]},{\"@type\":\"ImageObject\",\"inLanguage\":\"it-IT\",\"@id\":\"https:\/\/www.smeraldoterme.it\/it\/ritrova-il-tuo-benessere-alle-terme-smeraldo\/#primaryimage\",\"url\":\"https:\/\/www.smeraldoterme.it\/wp-content\/uploads\/2025\/04\/Header-landing.webp\",\"contentUrl\":\"https:\/\/www.smeraldoterme.it\/wp-content\/uploads\/2025\/04\/Header-landing.webp\",\"width\":1920,\"height\":1281},{\"@type\":\"BreadcrumbList\",\"@id\":\"https:\/\/www.smeraldoterme.it\/it\/ritrova-il-tuo-benessere-alle-terme-smeraldo\/#breadcrumb\",\"itemListElement\":[{\"@type\":\"ListItem\",\"position\":1,\"name\":\"Home\",\"item\":\"https:\/\/www.smeraldoterme.it\/it\/\"},{\"@type\":\"ListItem\",\"position\":2,\"name\":\"Ritrova il tuo benessere alle Terme Smeraldo\"}]},{\"@type\":\"WebSite\",\"@id\":\"https:\/\/www.smeraldoterme.it\/it\/#website\",\"url\":\"https:\/\/www.smeraldoterme.it\/it\/\",\"name\":\"Hotel Smeraldo\",\"description\":\"\",\"publisher\":{\"@id\":\"https:\/\/www.smeraldoterme.it\/it\/#organization\"},\"potentialAction\":[{\"@type\":\"SearchAction\",\"target\":{\"@type\":\"EntryPoint\",\"urlTemplate\":\"https:\/\/www.smeraldoterme.it\/it\/?s={search_term_string}\"},\"query-input\":{\"@type\":\"PropertyValueSpecification\",\"valueRequired\":true,\"valueName\":\"search_term_string\"}}],\"inLanguage\":\"it-IT\"},{\"@type\":\"Organization\",\"@id\":\"https:\/\/www.smeraldoterme.it\/it\/#organization\",\"name\":\"Hotel Smeraldo\",\"url\":\"https:\/\/www.smeraldoterme.it\/it\/\",\"logo\":{\"@type\":\"ImageObject\",\"inLanguage\":\"it-IT\",\"@id\":\"https:\/\/www.smeraldoterme.it\/it\/#\/schema\/logo\/image\/\",\"url\":\"https:\/\/www.smeraldoterme.it\/wp-content\/uploads\/2022\/11\/logo-hotel-smeraldo.png\",\"contentUrl\":\"https:\/\/www.smeraldoterme.it\/wp-content\/uploads\/2022\/11\/logo-hotel-smeraldo.png\",\"width\":400,\"height\":114,\"caption\":\"Hotel Smeraldo\"},\"image\":{\"@id\":\"https:\/\/www.smeraldoterme.it\/it\/#\/schema\/logo\/image\/\"}}]}<\/script>\n<!-- \/ Yoast SEO plugin. -->","yoast_head_json":{"title":"Ritrova il tuo benessere alle Terme Smeraldo - Hotel Smeraldo","robots":{"index":"index","follow":"follow","max-snippet":"max-snippet:-1","max-image-preview":"max-image-preview:large","max-video-preview":"max-video-preview:-1"},"canonical":"https:\/\/www.smeraldoterme.it\/it\/ritrova-il-tuo-benessere-alle-terme-smeraldo\/","og_locale":"it_IT","og_type":"article","og_title":"Ritrova il tuo benessere alle Terme Smeraldo - Hotel Smeraldo","og_url":"https:\/\/www.smeraldoterme.it\/it\/ritrova-il-tuo-benessere-alle-terme-smeraldo\/","og_site_name":"Hotel Smeraldo","article_modified_time":"2025-04-18T10:03:34+00:00","og_image":[{"width":1920,"height":1281,"url":"https:\/\/www.smeraldoterme.it\/wp-content\/uploads\/2025\/04\/Header-landing.webp","type":"image\/webp"}],"twitter_card":"summary_large_image","twitter_misc":{"Tempo di lettura stimato":"2 minuti"},"schema":{"@context":"https:\/\/schema.org","@graph":[{"@type":"WebPage","@id":"https:\/\/www.smeraldoterme.it\/it\/ritrova-il-tuo-benessere-alle-terme-smeraldo\/","url":"https:\/\/www.smeraldoterme.it\/it\/ritrova-il-tuo-benessere-alle-terme-smeraldo\/","name":"Ritrova il tuo benessere alle Terme Smeraldo - Hotel Smeraldo","isPartOf":{"@id":"https:\/\/www.smeraldoterme.it\/it\/#website"},"primaryImageOfPage":{"@id":"https:\/\/www.smeraldoterme.it\/it\/ritrova-il-tuo-benessere-alle-terme-smeraldo\/#primaryimage"},"image":{"@id":"https:\/\/www.smeraldoterme.it\/it\/ritrova-il-tuo-benessere-alle-terme-smeraldo\/#primaryimage"},"thumbnailUrl":"https:\/\/www.smeraldoterme.it\/wp-content\/uploads\/2025\/04\/Header-landing.webp","datePublished":"2025-04-15T15:01:00+00:00","dateModified":"2025-04-18T10:03:34+00:00","breadcrumb":{"@id":"https:\/\/www.smeraldoterme.it\/it\/ritrova-il-tuo-benessere-alle-terme-smeraldo\/#breadcrumb"},"inLanguage":"it-IT","potentialAction":[{"@type":"ReadAction","target":["https:\/\/www.smeraldoterme.it\/it\/ritrova-il-tuo-benessere-alle-terme-smeraldo\/"]}]},{"@type":"ImageObject","inLanguage":"it-IT","@id":"https:\/\/www.smeraldoterme.it\/it\/ritrova-il-tuo-benessere-alle-terme-smeraldo\/#primaryimage","url":"https:\/\/www.smeraldoterme.it\/wp-content\/uploads\/2025\/04\/Header-landing.webp","contentUrl":"https:\/\/www.smeraldoterme.it\/wp-content\/uploads\/2025\/04\/Header-landing.webp","width":1920,"height":1281},{"@type":"BreadcrumbList","@id":"https:\/\/www.smeraldoterme.it\/it\/ritrova-il-tuo-benessere-alle-terme-smeraldo\/#breadcrumb","itemListElement":[{"@type":"ListItem","position":1,"name":"Home","item":"https:\/\/www.smeraldoterme.it\/it\/"},{"@type":"ListItem","position":2,"name":"Ritrova il tuo benessere alle Terme Smeraldo"}]},{"@type":"WebSite","@id":"https:\/\/www.smeraldoterme.it\/it\/#website","url":"https:\/\/www.smeraldoterme.it\/it\/","name":"Hotel Smeraldo","description":"","publisher":{"@id":"https:\/\/www.smeraldoterme.it\/it\/#organization"},"potentialAction":[{"@type":"SearchAction","target":{"@type":"EntryPoint","urlTemplate":"https:\/\/www.smeraldoterme.it\/it\/?s={search_term_string}"},"query-input":{"@type":"PropertyValueSpecification","valueRequired":true,"valueName":"search_term_string"}}],"inLanguage":"it-IT"},{"@type":"Organization","@id":"https:\/\/www.smeraldoterme.it\/it\/#organization","name":"Hotel Smeraldo","url":"https:\/\/www.smeraldoterme.it\/it\/","logo":{"@type":"ImageObject","inLanguage":"it-IT","@id":"https:\/\/www.smeraldoterme.it\/it\/#\/schema\/logo\/image\/","url":"https:\/\/www.smeraldoterme.it\/wp-content\/uploads\/2022\/11\/logo-hotel-smeraldo.png","contentUrl":"https:\/\/www.smeraldoterme.it\/wp-content\/uploads\/2022\/11\/logo-hotel-smeraldo.png","width":400,"height":114,"caption":"Hotel Smeraldo"},"image":{"@id":"https:\/\/www.smeraldoterme.it\/it\/#\/schema\/logo\/image\/"}}]}},"coauthors":[],"author_meta":{"author_link":"https:\/\/www.smeraldoterme.it\/it\/author\/francesco-g\/","display_name":"Francesco G."},"relative_dates":{"created":"Pubblicato 1 anno fa","modified":"Aggiornato 1 anno fa"},"absolute_dates":{"created":"Pubblicato il Aprile 15, 2025","modified":"Aggiornato il Aprile 18, 2025"},"absolute_dates_time":{"created":"Pubblicato il Aprile 15, 2025 5:01 pm","modified":"Aggiornato il Aprile 18, 2025 12:03 pm"},"featured_img_caption":"","featured_img":"https:\/\/www.smeraldoterme.it\/wp-content\/uploads\/2025\/04\/Header-landing-1568x1046.webp","series_order":"","_links":{"self":[{"href":"https:\/\/www.smeraldoterme.it\/it\/wp-json\/wp\/v2\/pages\/2940","targetHints":{"allow":["GET"]}}],"collection":[{"href":"https:\/\/www.smeraldoterme.it\/it\/wp-json\/wp\/v2\/pages"}],"about":[{"href":"https:\/\/www.smeraldoterme.it\/it\/wp-json\/wp\/v2\/types\/page"}],"author":[{"embeddable":true,"href":"https:\/\/www.smeraldoterme.it\/it\/wp-json\/wp\/v2\/users\/13"}],"replies":[{"embeddable":true,"href":"https:\/\/www.smeraldoterme.it\/it\/wp-json\/wp\/v2\/comments?post=2940"}],"version-history":[{"count":58,"href":"https:\/\/www.smeraldoterme.it\/it\/wp-json\/wp\/v2\/pages\/2940\/revisions"}],"predecessor-version":[{"id":3025,"href":"https:\/\/www.smeraldoterme.it\/it\/wp-json\/wp\/v2\/pages\/2940\/revisions\/3025"}],"wp:featuredmedia":[{"embeddable":true,"href":"https:\/\/www.smeraldoterme.it\/it\/wp-json\/wp\/v2\/media\/2944"}],"wp:attachment":[{"href":"https:\/\/www.smeraldoterme.it\/it\/wp-json\/wp\/v2\/media?parent=2940"}],"curies":[{"name":"wp","href":"https:\/\/api.w.org\/{rel}","templated":true}]}}