{"id":1598,"date":"2023-02-08T21:44:23","date_gmt":"2023-02-08T20:44:23","guid":{"rendered":"https:\/\/www.smeraldoterme.it\/exklusive-dienstleistungen\/"},"modified":"2023-04-03T15:53:24","modified_gmt":"2023-04-03T13:53:24","slug":"exklusive-dienstleistungen","status":"publish","type":"page","link":"https:\/\/www.smeraldoterme.it\/de\/exklusive-dienstleistungen\/","title":{"rendered":"exklusive Dienstleistungen"},"content":{"rendered":"<div  class=\"grids-section grids-is-advanced alignfull\" style=\"--_gs-gap-desktop:0px 0px;--_gs-m-desktop:0 0 0 0;--_gs-p-desktop:0 0 0 0;--_gs-bg-desktop:transparent none;--_gs-bg-xp-desktop:0px;--_gs-zi-desktop:auto;--_gs-d-desktop:block;--_gs-mw-desktop:calc(100% - 0 - 0);--_gs-gap-tablet:0px 0px;--_gs-m-tablet:0 0 0 0;--_gs-p-tablet:0 0 0 0;--_gs-bg-tablet:transparent none;--_gs-bg-xp-tablet:0px;--_gs-zi-tablet:auto;--_gs-d-tablet:block;--_gs-mw-tablet:calc(100% - 0 - 0);--_gs-gap-mobile:0px 0px;--_gs-m-mobile:0 0 0 0;--_gs-p-mobile:0 0 0 0;--_gs-bg-mobile:transparent none;--_gs-bg-xp-mobile:0px;--_gs-zi-mobile:auto;--_gs-d-mobile:block;--_gs-mw-mobile:calc(100% - 0 - 0);--_gs-columns:12;--_gs-rows:6\"><div class=\"grids-s-w_i\">\n<div class=\"grids-area\" style=\"--_ga-column:2\/12;--_ga-row:1\/3;--_ga-m-desktop:0 0 0 0;--_ga-p-desktop:0 0 0 0;--_ga-bg-desktop:transparent none;--_ga-zi-desktop:auto;--_ga-d-desktop:flex;--_ga-mw-desktop:calc(100% - 0 - 0);--_ga-m-tablet:0 0 0 0;--_ga-p-tablet:0 0 0 0;--_ga-bg-tablet:transparent none;--_ga-zi-tablet:auto;--_ga-d-tablet:flex;--_ga-mw-tablet:calc(100% - 0 - 0);--_ga-m-mobile:0 0 0 0;--_ga-p-mobile:0 0 0 0;--_ga-bg-mobile:transparent none;--_ga-zi-mobile:auto;--_ga-d-mobile:flex;--_ga-mw-mobile:calc(100% - 0 - 0)\">\n\n<h2 class=\"wp-block-heading has-text-align-center advgb-dyn-80181c74\">Komfort und Dienstleistungen f\u00fcr Sie<\/h2>\n\n\n\n<p class=\"has-text-align-center\">Ein Tempel der Entspannung mit antikem Charme, in den man sich f\u00fcr einen Aufenthalt voller Ruhe, Sch\u00f6nheit und Wohlbefinden zur\u00fcckziehen kann. Unser Personal freut sich, Sie zu empfangen, Sie zu verw\u00f6hnen und Sie in eine magische Atmosph\u00e4re zu h\u00fcllen.<\/p>\n\n<\/div>\n<\/div><\/div>\n\n<div  class=\"grids-section row-three-list grids-is-advanced alignfull\" style=\"--_gs-gap-desktop:0px 0px;--_gs-m-desktop:0 0 0 0;--_gs-p-desktop:0 0 0 0;--_gs-bg-desktop:transparent none;--_gs-bg-xp-desktop:0px;--_gs-zi-desktop:auto;--_gs-d-desktop:block;--_gs-mw-desktop:calc(100% - 0 - 0);--_gs-gap-tablet:0px 0px;--_gs-m-tablet:0 0 0 0;--_gs-p-tablet:0 0 0 0;--_gs-bg-tablet:transparent none;--_gs-bg-xp-tablet:0px;--_gs-zi-tablet:auto;--_gs-d-tablet:block;--_gs-mw-tablet:calc(100% - 0 - 0);--_gs-gap-mobile:0px 0px;--_gs-m-mobile:0 0 0 0;--_gs-p-mobile:0 0 0 0;--_gs-bg-mobile:transparent none;--_gs-bg-xp-mobile:0px;--_gs-zi-mobile:auto;--_gs-d-mobile:block;--_gs-mw-mobile:calc(100% - 0 - 0);--_gs-columns:12;--_gs-rows:6\"><div class=\"grids-s-w_i\">\n<div class=\"grids-area\" style=\"--_ga-column:2\/12;--_ga-row:1\/3;--_ga-m-desktop:0 0 0 0;--_ga-p-desktop:0 0 0 0;--_ga-bg-desktop:transparent none;--_ga-zi-desktop:auto;--_ga-d-desktop:flex;--_ga-mw-desktop:calc(100% - 0 - 0);--_ga-m-tablet:0 0 0 0;--_ga-p-tablet:0 0 0 0;--_ga-bg-tablet:transparent none;--_ga-zi-tablet:auto;--_ga-d-tablet:flex;--_ga-mw-tablet:calc(100% - 0 - 0);--_ga-m-mobile:0 0 0 0;--_ga-p-mobile:0 0 0 0;--_ga-bg-mobile:transparent none;--_ga-zi-mobile:auto;--_ga-d-mobile:flex;--_ga-mw-mobile:calc(100% - 0 - 0)\">\n\n<h3 class=\"wp-block-heading has-text-align-center advgb-dyn-3e299250\">  Was wir Ihnen bieten<\/h3>\n\n<\/div>\n\n<div class=\"grids-area\" style=\"--_ga-column:2\/12;--_ga-row:4\/7;--_ga-m-desktop:0 0 0 0;--_ga-p-desktop:0 0 0 0;--_ga-bg-desktop:transparent none;--_ga-zi-desktop:auto;--_ga-d-desktop:flex;--_ga-mw-desktop:calc(100% - 0 - 0);--_ga-m-tablet:0 0 0 0;--_ga-p-tablet:0 0 0 0;--_ga-bg-tablet:transparent none;--_ga-zi-tablet:auto;--_ga-d-tablet:flex;--_ga-mw-tablet:calc(100% - 0 - 0);--_ga-m-mobile:0 0 0 0;--_ga-p-mobile:0 0 0 0;--_ga-bg-mobile:transparent none;--_ga-zi-mobile:auto;--_ga-d-mobile:flex;--_ga-mw-mobile:calc(100% - 0 - 0)\">\n<div  class=\"grids-section lists-block grids-is-stretch\" style=\"--_gs-gap-desktop:0px 0px;--_gs-m-desktop:0 0 0 0;--_gs-p-desktop:0 0 0 0;--_gs-bg-desktop:transparent none;--_gs-bg-xp-desktop:0px;--_gs-zi-desktop:auto;--_gs-d-desktop:block;--_gs-mw-desktop:calc(100% - 0 - 0);--_gs-gap-tablet:0px 0px;--_gs-m-tablet:0 0 0 0;--_gs-p-tablet:0 0 0 0;--_gs-bg-tablet:transparent none;--_gs-bg-xp-tablet:0px;--_gs-zi-tablet:auto;--_gs-d-tablet:block;--_gs-mw-tablet:calc(100% - 0 - 0);--_gs-gap-mobile:0px 0px;--_gs-m-mobile:0 0 0 0;--_gs-p-mobile:0 0 0 0;--_gs-bg-mobile:transparent none;--_gs-bg-xp-mobile:0px;--_gs-zi-mobile:auto;--_gs-d-mobile:block;--_gs-mw-mobile:calc(100% - 0 - 0);--_gs-columns:3;--_gs-rows:1\"><div class=\"grids-s-w_i\">\n<div class=\"grids-area animated fadeInUp\" style=\"--_ga-column:1\/2;--_ga-row:1\/2;--_ga-m-desktop:0 0 0 0;--_ga-p-desktop:0 0 0 0;--_ga-bg-desktop:transparent none;--_ga-zi-desktop:auto;--_ga-d-desktop:flex;--_ga-mw-desktop:calc(100% - 0 - 0);--_ga-m-tablet:0 0 0 0;--_ga-p-tablet:0 0 0 0;--_ga-bg-tablet:transparent none;--_ga-zi-tablet:auto;--_ga-d-tablet:flex;--_ga-mw-tablet:calc(100% - 0 - 0);--_ga-m-mobile:0 0 15px 0;--_ga-p-mobile:0 0 0 0;--_ga-bg-mobile:transparent none;--_ga-zi-mobile:auto;--_ga-d-mobile:flex;--_ga-mw-mobile:calc(100% - 0 - 0)\">\n\n<h4 class=\"wp-block-heading has-text-align-center advgb-dyn-5f9194ba\">Allgemeine Dienstleistungen<\/h4>\n\n\n\n<ul>\r\n<li><i class=\"fa-solid fa-check\"><\/i>Kostenlose Privatparkpl\u00e4tze (unbewacht\r\n<\/li>\r\n<li><i class=\"fa-solid fa-check\"><\/i>Kostenloses Wi-Fi<\/li>\r\n<li><i class=\"fa-solid fa-check\"><\/i>Zug\u00e4ngliches Hotel<\/li>\r\n<li><i class=\"fa-solid fa-check\"><\/i>Garten<\/li>\r\n<li><i class=\"fa-solid fa-check\"><\/i>Aufzug<\/li>\r\n<li><i class=\"fa-solid fa-check\"><\/i> Haustiere erlaubt (gegen Aufpreis)<\/li>\r\n<\/ul>\n\n<\/div>\n\n<div class=\"grids-area animated fadeInUp delay-500ms\" style=\"--_ga-column:2\/3;--_ga-row:1\/2;--_ga-m-desktop:0 0 0 0;--_ga-p-desktop:0 0 0 0;--_ga-bg-desktop:transparent none;--_ga-zi-desktop:auto;--_ga-d-desktop:flex;--_ga-mw-desktop:calc(100% - 0 - 0);--_ga-m-tablet:0 0 0 0;--_ga-p-tablet:0 0 0 0;--_ga-bg-tablet:transparent none;--_ga-zi-tablet:auto;--_ga-d-tablet:flex;--_ga-mw-tablet:calc(100% - 0 - 0);--_ga-m-mobile:0 0 15px 0;--_ga-p-mobile:0 0 0 0;--_ga-bg-mobile:transparent none;--_ga-zi-mobile:auto;--_ga-d-mobile:flex;--_ga-mw-mobile:calc(100% - 0 - 0)\">\n\n<h4 class=\"wp-block-heading has-text-align-center advgb-dyn-0796a6be\">Restaurant<\/h4>\n\n\n\n<ul>\r\n<li><i class=\"fa-solid fa-check\"><\/i>Fr\u00fchst\u00fcck f\u00fcr alle Geschm\u00e4cker<\/li>\r\n<li><i class=\"fa-solid fa-check\"><\/i>Fr\u00fchst\u00fcck auf dem Zimmer (gegen Aufpreis)<\/li>\r\n<li><i class=\"fa-solid fa-check\"><\/i>Restaurant<\/li>\r\n<li><i class=\"fa-solid fa-check\"><\/i>Bar<\/li><\/ul>\n\n<\/div>\n\n<div class=\"grids-area animated fadeInUp delay-1s\" style=\"--_ga-column:3\/4;--_ga-row:1\/2;--_ga-m-desktop:0 0 0 0;--_ga-p-desktop:0 0 0 0;--_ga-bg-desktop:transparent none;--_ga-zi-desktop:auto;--_ga-d-desktop:flex;--_ga-mw-desktop:calc(100% - 0 - 0);--_ga-m-tablet:0 0 0 0;--_ga-p-tablet:0 0 0 0;--_ga-bg-tablet:transparent none;--_ga-zi-tablet:auto;--_ga-d-tablet:flex;--_ga-mw-tablet:calc(100% - 0 - 0);--_ga-m-mobile:0 0 0 0;--_ga-p-mobile:0 0 0 0;--_ga-bg-mobile:transparent none;--_ga-zi-mobile:auto;--_ga-d-mobile:flex;--_ga-mw-mobile:calc(100% - 0 - 0)\">\n\n<h4 class=\"wp-block-heading has-text-align-center advgb-dyn-d0855f54\">Wellness und Entspannung<\/h4>\n\n\n\n<ul>\r\n<li><i class=\"fa-solid fa-check\"><\/i>Spa- Bereich (T\u00fcrkisches Bad, Sauna, Japanischer Pfad, Whirlpool)<\/li>\r\n<li><i class=\"fa-solid fa-check\"><\/i>Sch\u00f6nheitsbehandlungen<\/li>\r\n<li><i class=\"fa-solid fa-check\"><\/i>2 Thermalbecken (Innen- und Au\u00dfenbecken, miteinander verbunden)<\/li>\r\n<li><i class=\"fa-solid fa-check\"><\/i>Kurzentrum mit ASL-Zulassung<\/li>\r\n<li><i class=\"fa-solid fa-check\"><\/i>Massagen<\/li>\r\n<li><i class=\"fa-solid fa-check\"><\/i>Sch\u00f6nheitsbehandlungen<\/li>\r\n<\/ul>\n\n<\/div>\n<\/div><\/div>\n<\/div>\n<\/div><\/div>\n\n<div  class=\"grids-section row-text-center animated bounceInLeft grids-is-advanced alignfull\" style=\"--_gs-gap-desktop:0px 0px;--_gs-m-desktop:0 0 0 0;--_gs-p-desktop:0 0 0 0;--_gs-bg-desktop:#e8f1f1 none;--_gs-bg-xp-desktop:0px;--_gs-zi-desktop:auto;--_gs-d-desktop:block;--_gs-mw-desktop:calc(100% - 0 - 0);--_gs-gap-tablet:0px 0px;--_gs-m-tablet:0 0 0 0;--_gs-p-tablet:0 0 0 0;--_gs-bg-tablet:#e8f1f1 none;--_gs-bg-xp-tablet:0px;--_gs-zi-tablet:auto;--_gs-d-tablet:block;--_gs-mw-tablet:calc(100% - 0 - 0);--_gs-gap-mobile:0px 0px;--_gs-m-mobile:0 0 0 0;--_gs-p-mobile:0 0 0 0;--_gs-bg-mobile:#e8f1f1 none;--_gs-bg-xp-mobile:0px;--_gs-zi-mobile:auto;--_gs-d-mobile:block;--_gs-mw-mobile:calc(100% - 0 - 0);--_gs-columns:12;--_gs-rows:6\"><div class=\"grids-s-w_i\">\n<div class=\"grids-area\" style=\"--_ga-column:2\/12;--_ga-row:1\/7;--_ga-m-desktop:0 0 0 0;--_ga-p-desktop:0 0 0 0;--_ga-bg-desktop:transparent none;--_ga-zi-desktop:auto;--_ga-d-desktop:flex;--_ga-mw-desktop:calc(100% - 0 - 0);--_ga-m-tablet:0 0 0 0;--_ga-p-tablet:0 0 0 0;--_ga-bg-tablet:transparent none;--_ga-zi-tablet:auto;--_ga-d-tablet:flex;--_ga-mw-tablet:calc(100% - 0 - 0);--_ga-m-mobile:0 0 0 0;--_ga-p-mobile:0 0 0 0;--_ga-bg-mobile:transparent none;--_ga-zi-mobile:auto;--_ga-d-mobile:flex;--_ga-mw-mobile:calc(100% - 0 - 0)\">\n\n<h2 class=\"wp-block-heading has-text-align-center advgb-dyn-f6b0c1ee\">Zweifel oder Neugierde<\/h2>\n\n\n\n<p class=\"has-text-align-center\">Z\u00f6gern Sie nicht, uns zu kontaktieren. Unsere Mitarbeiter stehen Ihnen zur Verf\u00fcgung, um Ihre Bed\u00fcrfnisse zu erf\u00fcllen.<\/p>\n\n\n\n<p class=\"has-text-align-center\">Fordern Sie ein kostenloses und unverbindliches Angebot!<\/p>\n\n\n\n<div class=\"wp-block-buttons is-content-justification-center is-layout-flex wp-container-core-buttons-is-layout-16018d1d wp-block-buttons-is-layout-flex\">\n<div class=\"wp-block-button\"><a class=\"wp-block-button__link wp-element-button\" href=\"https:\/\/www.smeraldoterme.it\/de\/wo-wir-sind\/\">fordern Sie ein Angebot<\/a><\/div>\n<\/div>\n\n<\/div>\n<\/div><\/div>\n\n<div  class=\"grids-section row-slider-images grids-is-advanced alignfull\" style=\"--_gs-gap-desktop:0px 0px;--_gs-m-desktop:0 0 0 0;--_gs-p-desktop:0 0 0 0;--_gs-bg-desktop:transparent none;--_gs-bg-xp-desktop:0px;--_gs-zi-desktop:auto;--_gs-d-desktop:block;--_gs-mw-desktop:calc(100% - 0 - 0);--_gs-gap-tablet:0px 0px;--_gs-m-tablet:0 0 0 0;--_gs-p-tablet:0 0 0 0;--_gs-bg-tablet:transparent none;--_gs-bg-xp-tablet:0px;--_gs-zi-tablet:auto;--_gs-d-tablet:block;--_gs-mw-tablet:calc(100% - 0 - 0);--_gs-gap-mobile:0px 0px;--_gs-m-mobile:0 0 0 0;--_gs-p-mobile:0 0 0 0;--_gs-bg-mobile:transparent none;--_gs-bg-xp-mobile:0px;--_gs-zi-mobile:auto;--_gs-d-mobile:block;--_gs-mw-mobile:calc(100% - 0 - 0);--_gs-columns:12;--_gs-rows:6\"><div class=\"grids-s-w_i\">\n<div class=\"grids-area animated fadeInLeft\" style=\"--_ga-column:2\/6;--_ga-row:1\/7;--_ga-va:center;--_ga-m-desktop:0 0 0 0;--_ga-p-desktop:0 0 0 0;--_ga-bg-desktop:transparent none;--_ga-zi-desktop:auto;--_ga-d-desktop:flex;--_ga-mw-desktop:calc(100% - 0 - 0);--_ga-m-tablet:0 0 0 0;--_ga-p-tablet:0 0 0 0;--_ga-bg-tablet:transparent none;--_ga-zi-tablet:auto;--_ga-d-tablet:flex;--_ga-mw-tablet:calc(100% - 0 - 0);--_ga-m-mobile:0 0 0 0;--_ga-p-mobile:0 0 0 0;--_ga-bg-mobile:transparent none;--_ga-zi-mobile:auto;--_ga-d-mobile:flex;--_ga-mw-mobile:calc(100% - 0 - 0)\">\n\n<h2 class=\"wp-block-heading advgb-dyn-e3923d11\">Das k\u00f6nnte Sie auch interessieren&#8230;<\/h2>\n\n\n\n<h4 class=\"wp-block-heading has-text-color advgb-dyn-805e5112\" style=\"color:#12a59c\"><em>Lassen Sie sich \u00fcberraschen<\/em><\/h4>\n\n<\/div>\n\n<div class=\"grids-area animated fadeInRight\" style=\"--_ga-column:7\/13;--_ga-row:1\/7;--_ga-va:center;--_ga-m-desktop:0 0 0 0;--_ga-p-desktop:0 0 0 0;--_ga-bg-desktop:transparent none;--_ga-zi-desktop:auto;--_ga-d-desktop:flex;--_ga-mw-desktop:calc(100% - 0 - 0);--_ga-m-tablet:0 0 0 0;--_ga-p-tablet:0 0 0 0;--_ga-bg-tablet:transparent none;--_ga-zi-tablet:auto;--_ga-d-tablet:flex;--_ga-mw-tablet:calc(100% - 0 - 0);--_ga-m-mobile:0 0 0 0;--_ga-p-mobile:0 0 0 0;--_ga-bg-mobile:transparent none;--_ga-zi-mobile:auto;--_ga-d-mobile:flex;--_ga-mw-mobile:calc(100% - 0 - 0)\">\n\n    <div class=\"related-pages-container\" id=\"customGallery_2\">\n        <div class=\"swiper-wrapper\">\n                                            <div class=\"related-pages-single-page swiper-slide\" style=\"background-image:url('https:\/\/www.smeraldoterme.it\/wp-content\/uploads\/2022\/12\/ristorante-hotel-smeraldo-abano-04.jpg');\" onclick=\"location.href='https:\/\/www.smeraldoterme.it\/de\/home\/restaurant\/'\">\n                    <a href=\"https:\/\/www.smeraldoterme.it\/de\/home\/restaurant\/\">\n                        <h3 class=\"related-page-title\">\n                            Restaurant                        <\/h3>\n                    <\/a>\n                <\/div>\n                                            <div class=\"related-pages-single-page swiper-slide\" style=\"background-image:url('https:\/\/www.smeraldoterme.it\/wp-content\/uploads\/2022\/12\/camera-superior-hotel-smeraldo-abano-terme-05.jpg');\" onclick=\"location.href='https:\/\/www.smeraldoterme.it\/de\/unsere-zimmer\/'\">\n                    <a href=\"https:\/\/www.smeraldoterme.it\/de\/unsere-zimmer\/\">\n                        <h3 class=\"related-page-title\">\n                            Unsere Zimmer                        <\/h3>\n                    <\/a>\n                <\/div>\n                                            <div class=\"related-pages-single-page swiper-slide\" style=\"background-image:url('https:\/\/www.smeraldoterme.it\/wp-content\/uploads\/2022\/12\/massage-hotel-smeraldo-05.jpg');\" onclick=\"location.href='https:\/\/www.smeraldoterme.it\/de\/thermalbehandlungen\/'\">\n                    <a href=\"https:\/\/www.smeraldoterme.it\/de\/thermalbehandlungen\/\">\n                        <h3 class=\"related-page-title\">\n                            Thermalbehandlungen                        <\/h3>\n                    <\/a>\n                <\/div>\n                    <\/div>\n\n        <div class=\"slider-list-navigation\">\n\t\t    <div class=\"swiper-button-next\"><\/div>\n\t\t    <div class=\"swiper-button-prev\"><\/div>\n        <\/div>\n    <\/div>\n\n<script type=\"text\/javascript\">\n    jQuery(document).ready(function () {\n        \/\/ initialize swiper when document ready\n        var customGallery_2 = new Swiper ('#customGallery_2', {\n            slidesPerView: 'auto',\n            spaceBetween: 0,\n\t\t\tobserver: true,\n\t\t\tobserveParents: true,\n            loop: false,\n\t\t\tnavigation: {\n\t\t\t\tnextEl: '#customGallery_2 .slider-list-navigation .swiper-button-next',\n\t\t\t\tprevEl: '#customGallery_2 .slider-list-navigation .swiper-button-prev',\n\t\t\t}\n        });\n    });\n<\/script>\n\n<\/div>\n<\/div><\/div>","protected":false},"excerpt":{"rendered":"","protected":false},"author":1,"featured_media":801,"parent":0,"menu_order":0,"comment_status":"closed","ping_status":"closed","template":"","meta":{"_acf_changed":false,"advgb_blocks_editor_width":"","advgb_blocks_columns_visual_guide":"","footnotes":""},"class_list":["post-1598","page","type-page","status-publish","has-post-thumbnail","hentry","entry"],"acf":[],"yoast_head":"<!-- This site is optimized with the Yoast SEO plugin v26.0 - https:\/\/yoast.com\/wordpress\/plugins\/seo\/ -->\n<title>exklusive Dienstleistungen - Hotel Smeraldo<\/title>\n<meta name=\"description\" content=\"Das 3-Sterne-Hotel Smeraldo in Abano Terme verf\u00fcgt \u00fcber mehrere exklusive Dienstleistungen wie kostenlose Privatparkpl\u00e4tze, Spa und Restaurant\" \/>\n<meta name=\"robots\" content=\"index, follow, max-snippet:-1, max-image-preview:large, max-video-preview:-1\" \/>\n<link rel=\"canonical\" href=\"https:\/\/www.smeraldoterme.it\/de\/exklusive-dienstleistungen\/\" \/>\n<meta property=\"og:locale\" content=\"de_DE\" \/>\n<meta property=\"og:type\" content=\"article\" \/>\n<meta property=\"og:title\" content=\"exklusive Dienstleistungen - Hotel Smeraldo\" \/>\n<meta property=\"og:description\" content=\"Das 3-Sterne-Hotel Smeraldo in Abano Terme verf\u00fcgt \u00fcber mehrere exklusive Dienstleistungen wie kostenlose Privatparkpl\u00e4tze, Spa und Restaurant\" \/>\n<meta property=\"og:url\" content=\"https:\/\/www.smeraldoterme.it\/de\/exklusive-dienstleistungen\/\" \/>\n<meta property=\"og:site_name\" content=\"Hotel Smeraldo\" \/>\n<meta property=\"article:modified_time\" content=\"2023-04-03T13:53:24+00:00\" \/>\n<meta property=\"og:image\" content=\"https:\/\/www.smeraldoterme.it\/wp-content\/uploads\/2022\/12\/hotel-smeraldo-abano-terme-01.jpg\" \/>\n\t<meta property=\"og:image:width\" content=\"1920\" \/>\n\t<meta property=\"og:image:height\" content=\"1000\" \/>\n\t<meta property=\"og:image:type\" content=\"image\/jpeg\" \/>\n<meta name=\"twitter:card\" content=\"summary_large_image\" \/>\n<meta name=\"twitter:label1\" content=\"Gesch\u00e4tzte Lesezeit\" \/>\n\t<meta name=\"twitter:data1\" content=\"1\u00a0Minute\" \/>\n<script type=\"application\/ld+json\" class=\"yoast-schema-graph\">{\"@context\":\"https:\/\/schema.org\",\"@graph\":[{\"@type\":\"WebPage\",\"@id\":\"https:\/\/www.smeraldoterme.it\/de\/exklusive-dienstleistungen\/\",\"url\":\"https:\/\/www.smeraldoterme.it\/de\/exklusive-dienstleistungen\/\",\"name\":\"exklusive Dienstleistungen - Hotel Smeraldo\",\"isPartOf\":{\"@id\":\"https:\/\/www.smeraldoterme.it\/de\/#website\"},\"primaryImageOfPage\":{\"@id\":\"https:\/\/www.smeraldoterme.it\/de\/exklusive-dienstleistungen\/#primaryimage\"},\"image\":{\"@id\":\"https:\/\/www.smeraldoterme.it\/de\/exklusive-dienstleistungen\/#primaryimage\"},\"thumbnailUrl\":\"https:\/\/www.smeraldoterme.it\/wp-content\/uploads\/2022\/12\/hotel-smeraldo-abano-terme-01.jpg\",\"datePublished\":\"2023-02-08T20:44:23+00:00\",\"dateModified\":\"2023-04-03T13:53:24+00:00\",\"description\":\"Das 3-Sterne-Hotel Smeraldo in Abano Terme verf\u00fcgt \u00fcber mehrere exklusive Dienstleistungen wie kostenlose Privatparkpl\u00e4tze, Spa und Restaurant\",\"breadcrumb\":{\"@id\":\"https:\/\/www.smeraldoterme.it\/de\/exklusive-dienstleistungen\/#breadcrumb\"},\"inLanguage\":\"de\",\"potentialAction\":[{\"@type\":\"ReadAction\",\"target\":[\"https:\/\/www.smeraldoterme.it\/de\/exklusive-dienstleistungen\/\"]}]},{\"@type\":\"ImageObject\",\"inLanguage\":\"de\",\"@id\":\"https:\/\/www.smeraldoterme.it\/de\/exklusive-dienstleistungen\/#primaryimage\",\"url\":\"https:\/\/www.smeraldoterme.it\/wp-content\/uploads\/2022\/12\/hotel-smeraldo-abano-terme-01.jpg\",\"contentUrl\":\"https:\/\/www.smeraldoterme.it\/wp-content\/uploads\/2022\/12\/hotel-smeraldo-abano-terme-01.jpg\",\"width\":1920,\"height\":1000},{\"@type\":\"BreadcrumbList\",\"@id\":\"https:\/\/www.smeraldoterme.it\/de\/exklusive-dienstleistungen\/#breadcrumb\",\"itemListElement\":[{\"@type\":\"ListItem\",\"position\":1,\"name\":\"Home\",\"item\":\"https:\/\/www.smeraldoterme.it\/de\/\"},{\"@type\":\"ListItem\",\"position\":2,\"name\":\"exklusive Dienstleistungen\"}]},{\"@type\":\"WebSite\",\"@id\":\"https:\/\/www.smeraldoterme.it\/de\/#website\",\"url\":\"https:\/\/www.smeraldoterme.it\/de\/\",\"name\":\"Hotel Smeraldo\",\"description\":\"\",\"publisher\":{\"@id\":\"https:\/\/www.smeraldoterme.it\/de\/#organization\"},\"potentialAction\":[{\"@type\":\"SearchAction\",\"target\":{\"@type\":\"EntryPoint\",\"urlTemplate\":\"https:\/\/www.smeraldoterme.it\/de\/?s={search_term_string}\"},\"query-input\":{\"@type\":\"PropertyValueSpecification\",\"valueRequired\":true,\"valueName\":\"search_term_string\"}}],\"inLanguage\":\"de\"},{\"@type\":\"Organization\",\"@id\":\"https:\/\/www.smeraldoterme.it\/de\/#organization\",\"name\":\"Hotel Smeraldo\",\"url\":\"https:\/\/www.smeraldoterme.it\/de\/\",\"logo\":{\"@type\":\"ImageObject\",\"inLanguage\":\"de\",\"@id\":\"https:\/\/www.smeraldoterme.it\/de\/#\/schema\/logo\/image\/\",\"url\":\"https:\/\/www.smeraldoterme.it\/wp-content\/uploads\/2022\/11\/logo-hotel-smeraldo.png\",\"contentUrl\":\"https:\/\/www.smeraldoterme.it\/wp-content\/uploads\/2022\/11\/logo-hotel-smeraldo.png\",\"width\":400,\"height\":114,\"caption\":\"Hotel Smeraldo\"},\"image\":{\"@id\":\"https:\/\/www.smeraldoterme.it\/de\/#\/schema\/logo\/image\/\"}}]}<\/script>\n<!-- \/ Yoast SEO plugin. -->","yoast_head_json":{"title":"exklusive Dienstleistungen - Hotel Smeraldo","description":"Das 3-Sterne-Hotel Smeraldo in Abano Terme verf\u00fcgt \u00fcber mehrere exklusive Dienstleistungen wie kostenlose Privatparkpl\u00e4tze, Spa und Restaurant","robots":{"index":"index","follow":"follow","max-snippet":"max-snippet:-1","max-image-preview":"max-image-preview:large","max-video-preview":"max-video-preview:-1"},"canonical":"https:\/\/www.smeraldoterme.it\/de\/exklusive-dienstleistungen\/","og_locale":"de_DE","og_type":"article","og_title":"exklusive Dienstleistungen - Hotel Smeraldo","og_description":"Das 3-Sterne-Hotel Smeraldo in Abano Terme verf\u00fcgt \u00fcber mehrere exklusive Dienstleistungen wie kostenlose Privatparkpl\u00e4tze, Spa und Restaurant","og_url":"https:\/\/www.smeraldoterme.it\/de\/exklusive-dienstleistungen\/","og_site_name":"Hotel Smeraldo","article_modified_time":"2023-04-03T13:53:24+00:00","og_image":[{"width":1920,"height":1000,"url":"https:\/\/www.smeraldoterme.it\/wp-content\/uploads\/2022\/12\/hotel-smeraldo-abano-terme-01.jpg","type":"image\/jpeg"}],"twitter_card":"summary_large_image","twitter_misc":{"Gesch\u00e4tzte Lesezeit":"1\u00a0Minute"},"schema":{"@context":"https:\/\/schema.org","@graph":[{"@type":"WebPage","@id":"https:\/\/www.smeraldoterme.it\/de\/exklusive-dienstleistungen\/","url":"https:\/\/www.smeraldoterme.it\/de\/exklusive-dienstleistungen\/","name":"exklusive Dienstleistungen - Hotel Smeraldo","isPartOf":{"@id":"https:\/\/www.smeraldoterme.it\/de\/#website"},"primaryImageOfPage":{"@id":"https:\/\/www.smeraldoterme.it\/de\/exklusive-dienstleistungen\/#primaryimage"},"image":{"@id":"https:\/\/www.smeraldoterme.it\/de\/exklusive-dienstleistungen\/#primaryimage"},"thumbnailUrl":"https:\/\/www.smeraldoterme.it\/wp-content\/uploads\/2022\/12\/hotel-smeraldo-abano-terme-01.jpg","datePublished":"2023-02-08T20:44:23+00:00","dateModified":"2023-04-03T13:53:24+00:00","description":"Das 3-Sterne-Hotel Smeraldo in Abano Terme verf\u00fcgt \u00fcber mehrere exklusive Dienstleistungen wie kostenlose Privatparkpl\u00e4tze, Spa und Restaurant","breadcrumb":{"@id":"https:\/\/www.smeraldoterme.it\/de\/exklusive-dienstleistungen\/#breadcrumb"},"inLanguage":"de","potentialAction":[{"@type":"ReadAction","target":["https:\/\/www.smeraldoterme.it\/de\/exklusive-dienstleistungen\/"]}]},{"@type":"ImageObject","inLanguage":"de","@id":"https:\/\/www.smeraldoterme.it\/de\/exklusive-dienstleistungen\/#primaryimage","url":"https:\/\/www.smeraldoterme.it\/wp-content\/uploads\/2022\/12\/hotel-smeraldo-abano-terme-01.jpg","contentUrl":"https:\/\/www.smeraldoterme.it\/wp-content\/uploads\/2022\/12\/hotel-smeraldo-abano-terme-01.jpg","width":1920,"height":1000},{"@type":"BreadcrumbList","@id":"https:\/\/www.smeraldoterme.it\/de\/exklusive-dienstleistungen\/#breadcrumb","itemListElement":[{"@type":"ListItem","position":1,"name":"Home","item":"https:\/\/www.smeraldoterme.it\/de\/"},{"@type":"ListItem","position":2,"name":"exklusive Dienstleistungen"}]},{"@type":"WebSite","@id":"https:\/\/www.smeraldoterme.it\/de\/#website","url":"https:\/\/www.smeraldoterme.it\/de\/","name":"Hotel Smeraldo","description":"","publisher":{"@id":"https:\/\/www.smeraldoterme.it\/de\/#organization"},"potentialAction":[{"@type":"SearchAction","target":{"@type":"EntryPoint","urlTemplate":"https:\/\/www.smeraldoterme.it\/de\/?s={search_term_string}"},"query-input":{"@type":"PropertyValueSpecification","valueRequired":true,"valueName":"search_term_string"}}],"inLanguage":"de"},{"@type":"Organization","@id":"https:\/\/www.smeraldoterme.it\/de\/#organization","name":"Hotel Smeraldo","url":"https:\/\/www.smeraldoterme.it\/de\/","logo":{"@type":"ImageObject","inLanguage":"de","@id":"https:\/\/www.smeraldoterme.it\/de\/#\/schema\/logo\/image\/","url":"https:\/\/www.smeraldoterme.it\/wp-content\/uploads\/2022\/11\/logo-hotel-smeraldo.png","contentUrl":"https:\/\/www.smeraldoterme.it\/wp-content\/uploads\/2022\/11\/logo-hotel-smeraldo.png","width":400,"height":114,"caption":"Hotel Smeraldo"},"image":{"@id":"https:\/\/www.smeraldoterme.it\/de\/#\/schema\/logo\/image\/"}}]}},"coauthors":[],"author_meta":{"author_link":"https:\/\/www.smeraldoterme.it\/de\/author\/jampaa\/","display_name":"Jampaa"},"relative_dates":{"created":"Posted 3\u00a0Jahren ago","modified":"Updated 3\u00a0Jahren ago"},"absolute_dates":{"created":"Posted on Februar 8, 2023","modified":"Updated on April 3, 2023"},"absolute_dates_time":{"created":"Posted on Februar 8, 2023 9:44 p.m.","modified":"Updated on April 3, 2023 3:53 p.m."},"featured_img_caption":"","featured_img":"https:\/\/www.smeraldoterme.it\/wp-content\/uploads\/2022\/12\/hotel-smeraldo-abano-terme-01-1568x817.jpg","series_order":"","_links":{"self":[{"href":"https:\/\/www.smeraldoterme.it\/de\/wp-json\/wp\/v2\/pages\/1598","targetHints":{"allow":["GET"]}}],"collection":[{"href":"https:\/\/www.smeraldoterme.it\/de\/wp-json\/wp\/v2\/pages"}],"about":[{"href":"https:\/\/www.smeraldoterme.it\/de\/wp-json\/wp\/v2\/types\/page"}],"author":[{"embeddable":true,"href":"https:\/\/www.smeraldoterme.it\/de\/wp-json\/wp\/v2\/users\/1"}],"replies":[{"embeddable":true,"href":"https:\/\/www.smeraldoterme.it\/de\/wp-json\/wp\/v2\/comments?post=1598"}],"version-history":[{"count":2,"href":"https:\/\/www.smeraldoterme.it\/de\/wp-json\/wp\/v2\/pages\/1598\/revisions"}],"predecessor-version":[{"id":1766,"href":"https:\/\/www.smeraldoterme.it\/de\/wp-json\/wp\/v2\/pages\/1598\/revisions\/1766"}],"wp:featuredmedia":[{"embeddable":true,"href":"https:\/\/www.smeraldoterme.it\/de\/wp-json\/wp\/v2\/media\/801"}],"wp:attachment":[{"href":"https:\/\/www.smeraldoterme.it\/de\/wp-json\/wp\/v2\/media?parent=1598"}],"curies":[{"name":"wp","href":"https:\/\/api.w.org\/{rel}","templated":true}]}}