{"id":1533,"date":"2023-02-07T21:54:30","date_gmt":"2023-02-07T20:54:30","guid":{"rendered":"https:\/\/www.smeraldoterme.it\/thermalbehandlungen\/motorische-rehabilitation\/"},"modified":"2023-04-03T16:24:14","modified_gmt":"2023-04-03T14:24:14","slug":"motorische-rehabilitation","status":"publish","type":"page","link":"https:\/\/www.smeraldoterme.it\/de\/thermalbehandlungen\/motorische-rehabilitation\/","title":{"rendered":"Motorische Rehabilitation"},"content":{"rendered":"<div  class=\"grids-section grids-is-advanced alignfull\" style=\"--_gs-gap-desktop:0px 0px;--_gs-m-desktop:0 0 0 0;--_gs-p-desktop:0 0 0 0;--_gs-bg-desktop:transparent none;--_gs-bg-xp-desktop:0px;--_gs-zi-desktop:auto;--_gs-d-desktop:block;--_gs-mw-desktop:calc(100% - 0 - 0);--_gs-gap-tablet:0px 0px;--_gs-m-tablet:0 0 0 0;--_gs-p-tablet:0 0 0 0;--_gs-bg-tablet:transparent none;--_gs-bg-xp-tablet:0px;--_gs-zi-tablet:auto;--_gs-d-tablet:block;--_gs-mw-tablet:calc(100% - 0 - 0);--_gs-gap-mobile:0px 0px;--_gs-m-mobile:0 0 0 0;--_gs-p-mobile:0 0 0 0;--_gs-bg-mobile:transparent none;--_gs-bg-xp-mobile:0px;--_gs-zi-mobile:auto;--_gs-d-mobile:block;--_gs-mw-mobile:calc(100% - 0 - 0);--_gs-columns:12;--_gs-rows:6\"><div class=\"grids-s-w_i\">\n<div class=\"grids-area\" style=\"--_ga-column:2\/12;--_ga-row:1\/3;--_ga-m-desktop:0 0 0 0;--_ga-p-desktop:0 0 0 0;--_ga-bg-desktop:transparent none;--_ga-zi-desktop:auto;--_ga-d-desktop:flex;--_ga-mw-desktop:calc(100% - 0 - 0);--_ga-m-tablet:0 0 0 0;--_ga-p-tablet:0 0 0 0;--_ga-bg-tablet:transparent none;--_ga-zi-tablet:auto;--_ga-d-tablet:flex;--_ga-mw-tablet:calc(100% - 0 - 0);--_ga-m-mobile:0 0 0 0;--_ga-p-mobile:0 0 0 0;--_ga-bg-mobile:transparent none;--_ga-zi-mobile:auto;--_ga-d-mobile:flex;--_ga-mw-mobile:calc(100% - 0 - 0)\">\n\n<h2 class=\"wp-block-heading has-text-align-center advgb-dyn-0c881920\">Nat\u00fcrliche Rehabilitation in Abano Terme<\/h2>\n\n\n\n<p class=\"has-text-align-center\">Der anerkannte therapeutische Wert der Thermalkuren macht das Hotel Smeraldo zu einem idealen Ort f\u00fcr die motorische Rehabilitation.<\/p>\n\n\n\n<p class=\"has-text-align-center\">Die <strong>heilenden Eigenschaften der Thermaltherapien<\/strong> in Abano Terme, wie die Schlammtherapie und die Balneotherapie, in Verbindung mit der Erfahrung des spezialisierten Arztes des Zentrums, bieten die M\u00f6glichkeit, <strong>konkrete Ergebnisse<\/strong> bei der posttraumatischen Rehabilitation oder nach Operationen zu erzielen.<\/p>\n\n\n\n<div style=\"height:40px\" aria-hidden=\"true\" class=\"wp-block-spacer\"><\/div>\n\n\n\n<div style=\"height:80px\" aria-hidden=\"true\" class=\"wp-block-spacer\"><\/div>\n\n<\/div>\n<\/div><\/div>\n\n<div  id=\"cure-inalatorie\" class=\"grids-section background-row background-row-black grids-is-advanced alignfull\" style=\"--_gs-gap-desktop:0px 0px;--_gs-m-desktop:0 0 0 0;--_gs-p-desktop:0 0 0 0;--_gs-bg-desktop:transparent url(https:\/\/www.smeraldoterme.it\/wp-content\/uploads\/2022\/12\/riabilitazione-hotel-smeraldo-abano.jpg) no-repeat 50% 50%  \/ cover;--_gs-bg-xp-desktop:0px;--_gs-zi-desktop:auto;--_gs-d-desktop:block;--_gs-mw-desktop:calc(100% - 0 - 0);--_gs-gap-tablet:0px 0px;--_gs-m-tablet:0 0 0 0;--_gs-p-tablet:0 0 0 0;--_gs-bg-tablet:transparent url(https:\/\/www.smeraldoterme.it\/wp-content\/uploads\/2022\/12\/riabilitazione-hotel-smeraldo-abano.jpg) no-repeat 50% 50%  \/ cover;--_gs-bg-xp-tablet:0px;--_gs-zi-tablet:auto;--_gs-d-tablet:block;--_gs-mw-tablet:calc(100% - 0 - 0);--_gs-gap-mobile:0px 0px;--_gs-m-mobile:0 0 0 0;--_gs-p-mobile:0 0 0 0;--_gs-bg-mobile:transparent url(https:\/\/www.smeraldoterme.it\/wp-content\/uploads\/2022\/12\/riabilitazione-hotel-smeraldo-abano.jpg) no-repeat 50% 50%  \/ cover;--_gs-bg-xp-mobile:0px;--_gs-zi-mobile:auto;--_gs-d-mobile:block;--_gs-mw-mobile:calc(100% - 0 - 0);--_gs-columns:12;--_gs-rows:6\"><div class=\"grids-s-w_i\">\n<div class=\"grids-area animated fadeInLeft\" style=\"--_ga-column:2\/6;--_ga-row:2\/6;--_ga-va:center;--_ga-m-desktop:0 0 0 0;--_ga-p-desktop:0 0 0 0;--_ga-bg-desktop:transparent none;--_ga-zi-desktop:auto;--_ga-d-desktop:flex;--_ga-mw-desktop:calc(100% - 0 - 0);--_ga-m-tablet:0 0 0 0;--_ga-p-tablet:0 0 0 0;--_ga-bg-tablet:transparent none;--_ga-zi-tablet:auto;--_ga-d-tablet:flex;--_ga-mw-tablet:calc(100% - 0 - 0);--_ga-m-mobile:0 0 0 0;--_ga-p-mobile:0 0 0 0;--_ga-bg-mobile:transparent none;--_ga-zi-mobile:auto;--_ga-d-mobile:flex;--_ga-mw-mobile:calc(100% - 0 - 0)\">\n\n<h2 class=\"wp-block-heading advgb-dyn-ab20159f\">  Thermalkuren im Hotel Smeraldo<\/h2>\n\n\n\n<p>Der au\u00dferordentliche t<strong>herapeutische Wert unserer W\u00e4sser und Schl\u00e4mme<\/strong> ergibt sich aus dem Reichtum des Thermalwassers des Beckens von Abano und Montegrotto.<\/p>\n\n\n\n<p>Im Hotel Smeraldo haben Sie die M\u00f6glichkeit, den Alltagsstress zu vergessen und sich Zeit f\u00fcr sich selbst zu nehmen, <strong>um ein neues, harmonisches Wohlbefinden<\/strong> zu erlangen.<\/p>\n\n\n\n<p>Entdecken Sie mehr <\/p>\n\n\n\n<div class=\"wp-block-buttons is-layout-flex wp-block-buttons-is-layout-flex\">\n<div class=\"wp-block-button\"><a class=\"wp-block-button__link wp-element-button\" href=\"https:\/\/www.smeraldoterme.it\/de\/wellness-schonheit\/\">Behandlungen<\/a><\/div>\n<\/div>\n\n<\/div>\n\n<div class=\"grids-area column-image animated fadeInRight\" style=\"--_ga-column:7\/12;--_ga-row:1\/7;--_ga-m-desktop:0 0 0 0;--_ga-p-desktop:0 0 0 0;--_ga-bg-desktop:transparent none;--_ga-zi-desktop:auto;--_ga-d-desktop:flex;--_ga-mw-desktop:calc(100% - 0 - 0);--_ga-m-tablet:0 0 0 0;--_ga-p-tablet:0 0 0 0;--_ga-bg-tablet:transparent none;--_ga-zi-tablet:auto;--_ga-d-tablet:flex;--_ga-mw-tablet:calc(100% - 0 - 0);--_ga-m-mobile:0 0 0 0;--_ga-p-mobile:0 0 0 0;--_ga-bg-mobile:transparent none;--_ga-zi-mobile:auto;--_ga-d-mobile:flex;--_ga-mw-mobile:calc(100% - 0 - 0)\">\n\n<figure class=\"wp-block-image size-large full-width\"><img loading=\"lazy\" decoding=\"async\" width=\"1024\" height=\"794\" src=\"https:\/\/www.smeraldoterme.it\/wp-content\/uploads\/2022\/12\/riabilitazione-hotel-smeraldo-abano-1024x794.jpg\" alt=\"\" class=\"wp-image-532\" srcset=\"https:\/\/www.smeraldoterme.it\/wp-content\/uploads\/2022\/12\/riabilitazione-hotel-smeraldo-abano-1024x794.jpg 1024w, https:\/\/www.smeraldoterme.it\/wp-content\/uploads\/2022\/12\/riabilitazione-hotel-smeraldo-abano-300x233.jpg 300w, https:\/\/www.smeraldoterme.it\/wp-content\/uploads\/2022\/12\/riabilitazione-hotel-smeraldo-abano-768x595.jpg 768w, https:\/\/www.smeraldoterme.it\/wp-content\/uploads\/2022\/12\/riabilitazione-hotel-smeraldo-abano.jpg 1032w\" sizes=\"auto, (max-width: 1024px) 100vw, 1024px\" \/><\/figure>\n\n<\/div>\n<\/div><\/div>\n\n<div  class=\"grids-section row-text-center animated bounceInLeft grids-is-advanced alignfull\" style=\"--_gs-gap-desktop:0px 0px;--_gs-m-desktop:0 0 0 0;--_gs-p-desktop:0 0 0 0;--_gs-bg-desktop:#e8f1f1 none;--_gs-bg-xp-desktop:0px;--_gs-zi-desktop:auto;--_gs-d-desktop:block;--_gs-mw-desktop:calc(100% - 0 - 0);--_gs-gap-tablet:0px 0px;--_gs-m-tablet:0 0 0 0;--_gs-p-tablet:0 0 0 0;--_gs-bg-tablet:#e8f1f1 none;--_gs-bg-xp-tablet:0px;--_gs-zi-tablet:auto;--_gs-d-tablet:block;--_gs-mw-tablet:calc(100% - 0 - 0);--_gs-gap-mobile:0px 0px;--_gs-m-mobile:0 0 0 0;--_gs-p-mobile:0 0 0 0;--_gs-bg-mobile:#e8f1f1 none;--_gs-bg-xp-mobile:0px;--_gs-zi-mobile:auto;--_gs-d-mobile:block;--_gs-mw-mobile:calc(100% - 0 - 0);--_gs-columns:12;--_gs-rows:6\"><div class=\"grids-s-w_i\">\n<div class=\"grids-area\" style=\"--_ga-column:2\/12;--_ga-row:1\/7;--_ga-m-desktop:0 0 0 0;--_ga-p-desktop:0 0 0 0;--_ga-bg-desktop:transparent none;--_ga-zi-desktop:auto;--_ga-d-desktop:flex;--_ga-mw-desktop:calc(100% - 0 - 0);--_ga-m-tablet:0 0 0 0;--_ga-p-tablet:0 0 0 0;--_ga-bg-tablet:transparent none;--_ga-zi-tablet:auto;--_ga-d-tablet:flex;--_ga-mw-tablet:calc(100% - 0 - 0);--_ga-m-mobile:0 0 0 0;--_ga-p-mobile:0 0 0 0;--_ga-bg-mobile:transparent none;--_ga-zi-mobile:auto;--_ga-d-mobile:flex;--_ga-mw-mobile:calc(100% - 0 - 0)\">\n\n<h2 class=\"wp-block-heading has-text-align-center advgb-dyn-59013d0a\">Unser Hotel ist an den Servizio Sanitario Nazionale angeschlossen<\/h2>\n\n\n\n<p class=\"has-text-align-center\">Das italienische Gesundheitsministerium erkennt <strong>die therapeutische Rolle der Kuren bei der Behandlung und Rehabilitation<\/strong> zahlreicher Krankheiten an.<\/p>\n\n\n\n<p class=\"has-text-align-center\">Der Patient nimmt mit einem Rezept seines Arztes Thermalkuren wie die Schlamm-Balneotherapie oder Inhalationskuren in Anspruch.<\/p>\n\n\n\n<div class=\"wp-block-buttons is-content-justification-center is-layout-flex wp-container-core-buttons-is-layout-16018d1d wp-block-buttons-is-layout-flex\">\n<div class=\"wp-block-button\"><a class=\"wp-block-button__link wp-element-button\" href=\"https:\/\/www.smeraldoterme.it\/de\/thermalbehandlungen\/asl-zugelassene-thermalkuren\/\">Behandlung durch den SSN<\/a><\/div>\n<\/div>\n\n<\/div>\n<\/div><\/div>\n\n<div  class=\"grids-section row-slider-images grids-is-advanced alignfull\" style=\"--_gs-gap-desktop:0px 0px;--_gs-m-desktop:0 0 0 0;--_gs-p-desktop:0 0 0 0;--_gs-bg-desktop:transparent none;--_gs-bg-xp-desktop:0px;--_gs-zi-desktop:auto;--_gs-d-desktop:block;--_gs-mw-desktop:calc(100% - 0 - 0);--_gs-gap-tablet:0px 0px;--_gs-m-tablet:0 0 0 0;--_gs-p-tablet:0 0 0 0;--_gs-bg-tablet:transparent none;--_gs-bg-xp-tablet:0px;--_gs-zi-tablet:auto;--_gs-d-tablet:block;--_gs-mw-tablet:calc(100% - 0 - 0);--_gs-gap-mobile:0px 0px;--_gs-m-mobile:0 0 0 0;--_gs-p-mobile:0 0 0 0;--_gs-bg-mobile:transparent none;--_gs-bg-xp-mobile:0px;--_gs-zi-mobile:auto;--_gs-d-mobile:block;--_gs-mw-mobile:calc(100% - 0 - 0);--_gs-columns:12;--_gs-rows:6\"><div class=\"grids-s-w_i\">\n<div class=\"grids-area animated fadeInLeft\" style=\"--_ga-column:2\/6;--_ga-row:1\/7;--_ga-va:center;--_ga-m-desktop:0 0 0 0;--_ga-p-desktop:0 0 0 0;--_ga-bg-desktop:transparent none;--_ga-zi-desktop:auto;--_ga-d-desktop:flex;--_ga-mw-desktop:calc(100% - 0 - 0);--_ga-m-tablet:0 0 0 0;--_ga-p-tablet:0 0 0 0;--_ga-bg-tablet:transparent none;--_ga-zi-tablet:auto;--_ga-d-tablet:flex;--_ga-mw-tablet:calc(100% - 0 - 0);--_ga-m-mobile:0 0 0 0;--_ga-p-mobile:0 0 0 0;--_ga-bg-mobile:transparent none;--_ga-zi-mobile:auto;--_ga-d-mobile:flex;--_ga-mw-mobile:calc(100% - 0 - 0)\">\n\n<h2 class=\"wp-block-heading advgb-dyn-e3923d11\">Das k\u00f6nnte Sie auch interessieren&#8230;<\/h2>\n\n\n\n<h3 class=\"wp-block-heading has-text-color advgb-dyn-8eb1123b\" style=\"color:#12a59c\">Lassen Sie sich \u00fcberraschen<\/h3>\n\n<\/div>\n\n<div class=\"grids-area animated fadeInRight\" style=\"--_ga-column:7\/13;--_ga-row:1\/7;--_ga-va:center;--_ga-m-desktop:0 0 0 0;--_ga-p-desktop:0 0 0 0;--_ga-bg-desktop:transparent none;--_ga-zi-desktop:auto;--_ga-d-desktop:flex;--_ga-mw-desktop:calc(100% - 0 - 0);--_ga-m-tablet:0 0 0 0;--_ga-p-tablet:0 0 0 0;--_ga-bg-tablet:transparent none;--_ga-zi-tablet:auto;--_ga-d-tablet:flex;--_ga-mw-tablet:calc(100% - 0 - 0);--_ga-m-mobile:0 0 0 0;--_ga-p-mobile:0 0 0 0;--_ga-bg-mobile:transparent none;--_ga-zi-mobile:auto;--_ga-d-mobile:flex;--_ga-mw-mobile:calc(100% - 0 - 0)\">\n\n    <div class=\"related-pages-container\" id=\"customGallery_2\">\n        <div class=\"swiper-wrapper\">\n                                            <div class=\"related-pages-single-page swiper-slide\" style=\"background-image:url('https:\/\/www.smeraldoterme.it\/wp-content\/uploads\/2022\/12\/trattamenti-hotel-smeraldo-abano.jpg');\" onclick=\"location.href='https:\/\/www.smeraldoterme.it\/de\/thermalbehandlungen\/thermalschalmm\/'\">\n                    <a href=\"https:\/\/www.smeraldoterme.it\/de\/thermalbehandlungen\/thermalschalmm\/\">\n                        <h3 class=\"related-page-title\">\n                            Thermalschalmm                        <\/h3>\n                    <\/a>\n                <\/div>\n                                            <div class=\"related-pages-single-page swiper-slide\" style=\"background-image:url('https:\/\/www.smeraldoterme.it\/wp-content\/uploads\/2022\/12\/massaggio-ayurvedico-hotel-smeraldo.jpg');\" onclick=\"location.href='https:\/\/www.smeraldoterme.it\/de\/wellness-schonheit\/massagetherapie-behandlungen\/'\">\n                    <a href=\"https:\/\/www.smeraldoterme.it\/de\/wellness-schonheit\/massagetherapie-behandlungen\/\">\n                        <h3 class=\"related-page-title\">\n                            Massagetherapie-Behandlungen                        <\/h3>\n                    <\/a>\n                <\/div>\n                                            <div class=\"related-pages-single-page swiper-slide\" style=\"background-image:url('https:\/\/www.smeraldoterme.it\/wp-content\/uploads\/2022\/12\/sala-terapie-hotel-smeraldo-abano.jpg');\" onclick=\"location.href='https:\/\/www.smeraldoterme.it\/de\/angebote-hotel-smeraldo\/'\">\n                    <a href=\"https:\/\/www.smeraldoterme.it\/de\/angebote-hotel-smeraldo\/\">\n                        <h3 class=\"related-page-title\">\n                            Angebote Hotel Smeraldo                        <\/h3>\n                    <\/a>\n                <\/div>\n                    <\/div>\n\n        <div class=\"slider-list-navigation\">\n\t\t    <div class=\"swiper-button-next\"><\/div>\n\t\t    <div class=\"swiper-button-prev\"><\/div>\n        <\/div>\n    <\/div>\n\n<script type=\"text\/javascript\">\n    jQuery(document).ready(function () {\n        \/\/ initialize swiper when document ready\n        var customGallery_2 = new Swiper ('#customGallery_2', {\n            slidesPerView: 'auto',\n            spaceBetween: 0,\n\t\t\tobserver: true,\n\t\t\tobserveParents: true,\n            loop: false,\n\t\t\tnavigation: {\n\t\t\t\tnextEl: '#customGallery_2 .slider-list-navigation .swiper-button-next',\n\t\t\t\tprevEl: '#customGallery_2 .slider-list-navigation .swiper-button-prev',\n\t\t\t}\n        });\n    });\n<\/script>\n\n<\/div>\n<\/div><\/div>","protected":false},"excerpt":{"rendered":"","protected":false},"author":1,"featured_media":621,"parent":1482,"menu_order":0,"comment_status":"closed","ping_status":"closed","template":"","meta":{"_acf_changed":false,"advgb_blocks_editor_width":"","advgb_blocks_columns_visual_guide":"","footnotes":""},"class_list":["post-1533","page","type-page","status-publish","has-post-thumbnail","hentry","entry"],"acf":[],"yoast_head":"<!-- This site is optimized with the Yoast SEO plugin v26.0 - https:\/\/yoast.com\/wordpress\/plugins\/seo\/ -->\n<title>Motorische Rehabilitation - Hotel Smeraldo<\/title>\n<meta name=\"description\" content=\"Das Hotel Smeraldo bietet einen motorischen Rehabilitation an, mit dem Sie Ergebnisse in der posttraumatischen Rehabilitation oder nach einer Operation erzielen k\u00f6nnen.\" \/>\n<meta name=\"robots\" content=\"index, follow, max-snippet:-1, max-image-preview:large, max-video-preview:-1\" \/>\n<link rel=\"canonical\" href=\"https:\/\/www.smeraldoterme.it\/de\/thermalbehandlungen\/motorische-rehabilitation\/\" \/>\n<meta property=\"og:locale\" content=\"de_DE\" \/>\n<meta property=\"og:type\" content=\"article\" \/>\n<meta property=\"og:title\" content=\"Motorische Rehabilitation - Hotel Smeraldo\" \/>\n<meta property=\"og:description\" content=\"Das Hotel Smeraldo bietet einen motorischen Rehabilitation an, mit dem Sie Ergebnisse in der posttraumatischen Rehabilitation oder nach einer Operation erzielen k\u00f6nnen.\" \/>\n<meta property=\"og:url\" content=\"https:\/\/www.smeraldoterme.it\/de\/thermalbehandlungen\/motorische-rehabilitation\/\" \/>\n<meta property=\"og:site_name\" content=\"Hotel Smeraldo\" \/>\n<meta property=\"article:modified_time\" content=\"2023-04-03T14:24:14+00:00\" \/>\n<meta property=\"og:image\" content=\"https:\/\/www.smeraldoterme.it\/wp-content\/uploads\/2022\/12\/riabilitazione-motoria-hotel-smeraldo-abano.jpg\" \/>\n\t<meta property=\"og:image:width\" content=\"1920\" \/>\n\t<meta property=\"og:image:height\" content=\"1000\" \/>\n\t<meta property=\"og:image:type\" content=\"image\/jpeg\" \/>\n<meta name=\"twitter:card\" content=\"summary_large_image\" \/>\n<meta name=\"twitter:label1\" content=\"Gesch\u00e4tzte Lesezeit\" \/>\n\t<meta name=\"twitter:data1\" content=\"2\u00a0Minuten\" \/>\n<script type=\"application\/ld+json\" class=\"yoast-schema-graph\">{\"@context\":\"https:\/\/schema.org\",\"@graph\":[{\"@type\":\"WebPage\",\"@id\":\"https:\/\/www.smeraldoterme.it\/de\/thermalbehandlungen\/motorische-rehabilitation\/\",\"url\":\"https:\/\/www.smeraldoterme.it\/de\/thermalbehandlungen\/motorische-rehabilitation\/\",\"name\":\"Motorische Rehabilitation - Hotel Smeraldo\",\"isPartOf\":{\"@id\":\"https:\/\/www.smeraldoterme.it\/de\/#website\"},\"primaryImageOfPage\":{\"@id\":\"https:\/\/www.smeraldoterme.it\/de\/thermalbehandlungen\/motorische-rehabilitation\/#primaryimage\"},\"image\":{\"@id\":\"https:\/\/www.smeraldoterme.it\/de\/thermalbehandlungen\/motorische-rehabilitation\/#primaryimage\"},\"thumbnailUrl\":\"https:\/\/www.smeraldoterme.it\/wp-content\/uploads\/2022\/12\/riabilitazione-motoria-hotel-smeraldo-abano.jpg\",\"datePublished\":\"2023-02-07T20:54:30+00:00\",\"dateModified\":\"2023-04-03T14:24:14+00:00\",\"description\":\"Das Hotel Smeraldo bietet einen motorischen Rehabilitation an, mit dem Sie Ergebnisse in der posttraumatischen Rehabilitation oder nach einer Operation erzielen k\u00f6nnen.\",\"breadcrumb\":{\"@id\":\"https:\/\/www.smeraldoterme.it\/de\/thermalbehandlungen\/motorische-rehabilitation\/#breadcrumb\"},\"inLanguage\":\"de\",\"potentialAction\":[{\"@type\":\"ReadAction\",\"target\":[\"https:\/\/www.smeraldoterme.it\/de\/thermalbehandlungen\/motorische-rehabilitation\/\"]}]},{\"@type\":\"ImageObject\",\"inLanguage\":\"de\",\"@id\":\"https:\/\/www.smeraldoterme.it\/de\/thermalbehandlungen\/motorische-rehabilitation\/#primaryimage\",\"url\":\"https:\/\/www.smeraldoterme.it\/wp-content\/uploads\/2022\/12\/riabilitazione-motoria-hotel-smeraldo-abano.jpg\",\"contentUrl\":\"https:\/\/www.smeraldoterme.it\/wp-content\/uploads\/2022\/12\/riabilitazione-motoria-hotel-smeraldo-abano.jpg\",\"width\":1920,\"height\":1000},{\"@type\":\"BreadcrumbList\",\"@id\":\"https:\/\/www.smeraldoterme.it\/de\/thermalbehandlungen\/motorische-rehabilitation\/#breadcrumb\",\"itemListElement\":[{\"@type\":\"ListItem\",\"position\":1,\"name\":\"Home\",\"item\":\"https:\/\/www.smeraldoterme.it\/de\/\"},{\"@type\":\"ListItem\",\"position\":2,\"name\":\"Thermalbehandlungen\",\"item\":\"https:\/\/www.smeraldoterme.it\/de\/thermalbehandlungen\/\"},{\"@type\":\"ListItem\",\"position\":3,\"name\":\"Motorische Rehabilitation\"}]},{\"@type\":\"WebSite\",\"@id\":\"https:\/\/www.smeraldoterme.it\/de\/#website\",\"url\":\"https:\/\/www.smeraldoterme.it\/de\/\",\"name\":\"Hotel Smeraldo\",\"description\":\"\",\"publisher\":{\"@id\":\"https:\/\/www.smeraldoterme.it\/de\/#organization\"},\"potentialAction\":[{\"@type\":\"SearchAction\",\"target\":{\"@type\":\"EntryPoint\",\"urlTemplate\":\"https:\/\/www.smeraldoterme.it\/de\/?s={search_term_string}\"},\"query-input\":{\"@type\":\"PropertyValueSpecification\",\"valueRequired\":true,\"valueName\":\"search_term_string\"}}],\"inLanguage\":\"de\"},{\"@type\":\"Organization\",\"@id\":\"https:\/\/www.smeraldoterme.it\/de\/#organization\",\"name\":\"Hotel Smeraldo\",\"url\":\"https:\/\/www.smeraldoterme.it\/de\/\",\"logo\":{\"@type\":\"ImageObject\",\"inLanguage\":\"de\",\"@id\":\"https:\/\/www.smeraldoterme.it\/de\/#\/schema\/logo\/image\/\",\"url\":\"https:\/\/www.smeraldoterme.it\/wp-content\/uploads\/2022\/11\/logo-hotel-smeraldo.png\",\"contentUrl\":\"https:\/\/www.smeraldoterme.it\/wp-content\/uploads\/2022\/11\/logo-hotel-smeraldo.png\",\"width\":400,\"height\":114,\"caption\":\"Hotel Smeraldo\"},\"image\":{\"@id\":\"https:\/\/www.smeraldoterme.it\/de\/#\/schema\/logo\/image\/\"}}]}<\/script>\n<!-- \/ Yoast SEO plugin. -->","yoast_head_json":{"title":"Motorische Rehabilitation - Hotel Smeraldo","description":"Das Hotel Smeraldo bietet einen motorischen Rehabilitation an, mit dem Sie Ergebnisse in der posttraumatischen Rehabilitation oder nach einer Operation erzielen k\u00f6nnen.","robots":{"index":"index","follow":"follow","max-snippet":"max-snippet:-1","max-image-preview":"max-image-preview:large","max-video-preview":"max-video-preview:-1"},"canonical":"https:\/\/www.smeraldoterme.it\/de\/thermalbehandlungen\/motorische-rehabilitation\/","og_locale":"de_DE","og_type":"article","og_title":"Motorische Rehabilitation - Hotel Smeraldo","og_description":"Das Hotel Smeraldo bietet einen motorischen Rehabilitation an, mit dem Sie Ergebnisse in der posttraumatischen Rehabilitation oder nach einer Operation erzielen k\u00f6nnen.","og_url":"https:\/\/www.smeraldoterme.it\/de\/thermalbehandlungen\/motorische-rehabilitation\/","og_site_name":"Hotel Smeraldo","article_modified_time":"2023-04-03T14:24:14+00:00","og_image":[{"width":1920,"height":1000,"url":"https:\/\/www.smeraldoterme.it\/wp-content\/uploads\/2022\/12\/riabilitazione-motoria-hotel-smeraldo-abano.jpg","type":"image\/jpeg"}],"twitter_card":"summary_large_image","twitter_misc":{"Gesch\u00e4tzte Lesezeit":"2\u00a0Minuten"},"schema":{"@context":"https:\/\/schema.org","@graph":[{"@type":"WebPage","@id":"https:\/\/www.smeraldoterme.it\/de\/thermalbehandlungen\/motorische-rehabilitation\/","url":"https:\/\/www.smeraldoterme.it\/de\/thermalbehandlungen\/motorische-rehabilitation\/","name":"Motorische Rehabilitation - Hotel Smeraldo","isPartOf":{"@id":"https:\/\/www.smeraldoterme.it\/de\/#website"},"primaryImageOfPage":{"@id":"https:\/\/www.smeraldoterme.it\/de\/thermalbehandlungen\/motorische-rehabilitation\/#primaryimage"},"image":{"@id":"https:\/\/www.smeraldoterme.it\/de\/thermalbehandlungen\/motorische-rehabilitation\/#primaryimage"},"thumbnailUrl":"https:\/\/www.smeraldoterme.it\/wp-content\/uploads\/2022\/12\/riabilitazione-motoria-hotel-smeraldo-abano.jpg","datePublished":"2023-02-07T20:54:30+00:00","dateModified":"2023-04-03T14:24:14+00:00","description":"Das Hotel Smeraldo bietet einen motorischen Rehabilitation an, mit dem Sie Ergebnisse in der posttraumatischen Rehabilitation oder nach einer Operation erzielen k\u00f6nnen.","breadcrumb":{"@id":"https:\/\/www.smeraldoterme.it\/de\/thermalbehandlungen\/motorische-rehabilitation\/#breadcrumb"},"inLanguage":"de","potentialAction":[{"@type":"ReadAction","target":["https:\/\/www.smeraldoterme.it\/de\/thermalbehandlungen\/motorische-rehabilitation\/"]}]},{"@type":"ImageObject","inLanguage":"de","@id":"https:\/\/www.smeraldoterme.it\/de\/thermalbehandlungen\/motorische-rehabilitation\/#primaryimage","url":"https:\/\/www.smeraldoterme.it\/wp-content\/uploads\/2022\/12\/riabilitazione-motoria-hotel-smeraldo-abano.jpg","contentUrl":"https:\/\/www.smeraldoterme.it\/wp-content\/uploads\/2022\/12\/riabilitazione-motoria-hotel-smeraldo-abano.jpg","width":1920,"height":1000},{"@type":"BreadcrumbList","@id":"https:\/\/www.smeraldoterme.it\/de\/thermalbehandlungen\/motorische-rehabilitation\/#breadcrumb","itemListElement":[{"@type":"ListItem","position":1,"name":"Home","item":"https:\/\/www.smeraldoterme.it\/de\/"},{"@type":"ListItem","position":2,"name":"Thermalbehandlungen","item":"https:\/\/www.smeraldoterme.it\/de\/thermalbehandlungen\/"},{"@type":"ListItem","position":3,"name":"Motorische Rehabilitation"}]},{"@type":"WebSite","@id":"https:\/\/www.smeraldoterme.it\/de\/#website","url":"https:\/\/www.smeraldoterme.it\/de\/","name":"Hotel Smeraldo","description":"","publisher":{"@id":"https:\/\/www.smeraldoterme.it\/de\/#organization"},"potentialAction":[{"@type":"SearchAction","target":{"@type":"EntryPoint","urlTemplate":"https:\/\/www.smeraldoterme.it\/de\/?s={search_term_string}"},"query-input":{"@type":"PropertyValueSpecification","valueRequired":true,"valueName":"search_term_string"}}],"inLanguage":"de"},{"@type":"Organization","@id":"https:\/\/www.smeraldoterme.it\/de\/#organization","name":"Hotel Smeraldo","url":"https:\/\/www.smeraldoterme.it\/de\/","logo":{"@type":"ImageObject","inLanguage":"de","@id":"https:\/\/www.smeraldoterme.it\/de\/#\/schema\/logo\/image\/","url":"https:\/\/www.smeraldoterme.it\/wp-content\/uploads\/2022\/11\/logo-hotel-smeraldo.png","contentUrl":"https:\/\/www.smeraldoterme.it\/wp-content\/uploads\/2022\/11\/logo-hotel-smeraldo.png","width":400,"height":114,"caption":"Hotel Smeraldo"},"image":{"@id":"https:\/\/www.smeraldoterme.it\/de\/#\/schema\/logo\/image\/"}}]}},"coauthors":[],"author_meta":{"author_link":"https:\/\/www.smeraldoterme.it\/de\/author\/jampaa\/","display_name":"Jampaa"},"relative_dates":{"created":"Posted 3\u00a0Jahren ago","modified":"Updated 3\u00a0Jahren ago"},"absolute_dates":{"created":"Posted on Februar 7, 2023","modified":"Updated on April 3, 2023"},"absolute_dates_time":{"created":"Posted on Februar 7, 2023 9:54 p.m.","modified":"Updated on April 3, 2023 4:24 p.m."},"featured_img_caption":"","featured_img":"https:\/\/www.smeraldoterme.it\/wp-content\/uploads\/2022\/12\/riabilitazione-motoria-hotel-smeraldo-abano-1568x817.jpg","series_order":"","_links":{"self":[{"href":"https:\/\/www.smeraldoterme.it\/de\/wp-json\/wp\/v2\/pages\/1533","targetHints":{"allow":["GET"]}}],"collection":[{"href":"https:\/\/www.smeraldoterme.it\/de\/wp-json\/wp\/v2\/pages"}],"about":[{"href":"https:\/\/www.smeraldoterme.it\/de\/wp-json\/wp\/v2\/types\/page"}],"author":[{"embeddable":true,"href":"https:\/\/www.smeraldoterme.it\/de\/wp-json\/wp\/v2\/users\/1"}],"replies":[{"embeddable":true,"href":"https:\/\/www.smeraldoterme.it\/de\/wp-json\/wp\/v2\/comments?post=1533"}],"version-history":[{"count":2,"href":"https:\/\/www.smeraldoterme.it\/de\/wp-json\/wp\/v2\/pages\/1533\/revisions"}],"predecessor-version":[{"id":1777,"href":"https:\/\/www.smeraldoterme.it\/de\/wp-json\/wp\/v2\/pages\/1533\/revisions\/1777"}],"up":[{"embeddable":true,"href":"https:\/\/www.smeraldoterme.it\/de\/wp-json\/wp\/v2\/pages\/1482"}],"wp:featuredmedia":[{"embeddable":true,"href":"https:\/\/www.smeraldoterme.it\/de\/wp-json\/wp\/v2\/media\/621"}],"wp:attachment":[{"href":"https:\/\/www.smeraldoterme.it\/de\/wp-json\/wp\/v2\/media?parent=1533"}],"curies":[{"name":"wp","href":"https:\/\/api.w.org\/{rel}","templated":true}]}}