{"id":1458,"date":"2023-02-06T18:08:19","date_gmt":"2023-02-06T17:08:19","guid":{"rendered":"https:\/\/www.smeraldoterme.it\/unsere-zimmer\/"},"modified":"2023-02-06T18:08:19","modified_gmt":"2023-02-06T17:08:19","slug":"unsere-zimmer","status":"publish","type":"page","link":"https:\/\/www.smeraldoterme.it\/de\/unsere-zimmer\/","title":{"rendered":"Unsere Zimmer"},"content":{"rendered":"<div  class=\"grids-section grids-is-advanced alignfull\" style=\"--_gs-gap-desktop:0px 0px;--_gs-m-desktop:0 0 0 0;--_gs-p-desktop:0 0 0 0;--_gs-bg-desktop:transparent none;--_gs-bg-xp-desktop:0px;--_gs-zi-desktop:auto;--_gs-d-desktop:block;--_gs-mw-desktop:calc(100% - 0 - 0);--_gs-gap-tablet:0px 0px;--_gs-m-tablet:0 0 0 0;--_gs-p-tablet:0 0 0 0;--_gs-bg-tablet:transparent none;--_gs-bg-xp-tablet:0px;--_gs-zi-tablet:auto;--_gs-d-tablet:block;--_gs-mw-tablet:calc(100% - 0 - 0);--_gs-gap-mobile:0px 0px;--_gs-m-mobile:0 0 0 0;--_gs-p-mobile:0 0 0 0;--_gs-bg-mobile:transparent none;--_gs-bg-xp-mobile:0px;--_gs-zi-mobile:auto;--_gs-d-mobile:block;--_gs-mw-mobile:calc(100% - 0 - 0);--_gs-columns:12;--_gs-rows:6\"><div class=\"grids-s-w_i\">\n<div class=\"grids-area\" style=\"--_ga-column:2\/12;--_ga-row:1\/5;--_ga-m-desktop:0 0 0 0;--_ga-p-desktop:0 0 0 0;--_ga-bg-desktop:transparent none;--_ga-zi-desktop:auto;--_ga-d-desktop:flex;--_ga-mw-desktop:calc(100% - 0 - 0);--_ga-m-tablet:0 0 0 0;--_ga-p-tablet:0 0 0 0;--_ga-bg-tablet:transparent none;--_ga-zi-tablet:auto;--_ga-d-tablet:flex;--_ga-mw-tablet:calc(100% - 0 - 0);--_ga-m-mobile:0 0 0 0;--_ga-p-mobile:0 0 0 0;--_ga-bg-mobile:transparent none;--_ga-zi-mobile:auto;--_ga-d-mobile:flex;--_ga-mw-mobile:calc(100% - 0 - 0)\">\n\n<h2 class=\"has-text-align-center wp-block-heading\">Die Bedeutung von gutem Schlaf<\/h2>\n\n\n\n<p class=\"has-text-align-center\">Das Hotel verf\u00fcgt \u00fcber 130 gepflegte, klassisch und raffiniert eingerichtete Zimmer, die eine hohe Schlafqualit\u00e4t bieten und in denen die G\u00e4ste auf Ordnung und Sauberkeit treffen.<\/p>\n\n\n\n<ul style=\"list-style:none; text-align:center; padding-right:5%;\">\r\n<li><i class=\"fa-solid fa-check\"><\/i>Kostenlose Wi-Fi<\/li>\r\n<li><i class=\"fa-solid fa-check\"><\/i>Fernshen<\/li>\r\n<li><i class=\"fa-solid fa-check\"><\/i>Haartrrockner<\/li>\r\n<li><i class=\"fa-solid fa-check\"><\/i>Safe<\/li>\r\n<li><i class=\"fa-solid fa-check\"><\/i>Direktwahltelefon<\/li>\r\n<li><i class=\"fa-solid fa-check\"><\/i>Schreibtisch<\/li>\r\n<li><i class=\"fa-solid fa-check\"><\/i>Badezimmer mit Dusche<\/li>\r\n<\/ul>\r\n\r\n\n<\/div>\n<\/div><\/div><div  class=\"grids-section grids-is-advanced alignfull\" style=\"--_gs-gap-desktop:0px 0px;--_gs-m-desktop:0 0 0 0;--_gs-p-desktop:0 0 0 0;--_gs-bg-desktop:transparent none;--_gs-bg-xp-desktop:0px;--_gs-zi-desktop:auto;--_gs-d-desktop:block;--_gs-mw-desktop:calc(100% - 0 - 0);--_gs-gap-tablet:0px 0px;--_gs-m-tablet:0 0 0 0;--_gs-p-tablet:0 0 0 0;--_gs-bg-tablet:transparent none;--_gs-bg-xp-tablet:0px;--_gs-zi-tablet:auto;--_gs-d-tablet:block;--_gs-mw-tablet:calc(100% - 0 - 0);--_gs-gap-mobile:0px 0px;--_gs-m-mobile:0 0 0 0;--_gs-p-mobile:0 0 0 0;--_gs-bg-mobile:transparent none;--_gs-bg-xp-mobile:0px;--_gs-zi-mobile:auto;--_gs-d-mobile:block;--_gs-mw-mobile:calc(100% - 0 - 0);--_gs-columns:12;--_gs-rows:6\"><div class=\"grids-s-w_i\">\n<div class=\"grids-area\" style=\"--_ga-column:1\/13;--_ga-row:1\/7;--_ga-m-desktop:0 0 0 0;--_ga-p-desktop:0 0 0 0;--_ga-bg-desktop:transparent none;--_ga-zi-desktop:auto;--_ga-d-desktop:flex;--_ga-mw-desktop:calc(100% - 0 - 0);--_ga-m-tablet:0 0 0 0;--_ga-p-tablet:0 0 0 0;--_ga-bg-tablet:transparent none;--_ga-zi-tablet:auto;--_ga-d-tablet:flex;--_ga-mw-tablet:calc(100% - 0 - 0);--_ga-m-mobile:0 0 0 0;--_ga-p-mobile:0 0 0 0;--_ga-bg-mobile:transparent none;--_ga-zi-mobile:auto;--_ga-d-mobile:flex;--_ga-mw-mobile:calc(100% - 0 - 0)\">\n\n<div class=\"rooms-list-container\">\n\t\t\t\t<div class=\"rooms-list-container-single\">\n\t\t\t\t<div class=\"rooms-list-container-single-content\">\n\t\t\t\t\t<div class=\"rooms-list-container-single-features\">\n\t\t\t\t\t\t\t\t\t\t\t\t\t<span class=\"feature-box\">\n\t\t\t\t\t\t\t\t<i class=\"fa-solid fa-user\"><\/i>\n\t\t\t\t\t\t\t\t2 G\u00e4ste\t\t\t\t\t\t\t<\/span>\n\t\t\t\t\t\t\t\t\t\t\t\t\t\t\t\t\t<\/div>\n\n\t\t\t\t\t<div class=\"rooms-list-container-single-short-description\">\n\t\t\t\t\t\t<h3 class=\"rooms-list-container-single-title\">Superior-Zimmer<\/h3>\n\t\t\t\t\t\t<p>Die Superior-Zimmer im Hotel Smeraldo sind ideal f\u00fcr alle, die ein intimes und raffiniertes Ambiente suchen. Jedes Detail ist darauf ausgerichtet, Ihren Aufenthalt zu einem besonderen Erlebnis zu machen.<\/p>\n\t\t\t\t\t<\/div>\n\n\t\t\t\t\t<a href=\"https:\/\/www.smeraldoterme.it\/de\/room\/superior-zimmer\/\" title=\"Superior-Zimmer\" class=\"btn rooms-list-container-single-button\">\n\t\t\t\t\t\tEntdecken Sie den Raum\t\t\t\t\t<\/a>\n\t\t\t\t<\/div>\n\t\t\t\t\t\t\t\t\t<div class=\"rooms-list-container-single-img\">\n\t\t\t\t\t\t\t\t\t\t\t\t\t<span class=\"label\">\n\t\t\t\t\t\t\t\tNeu!\t\t\t\t\t\t\t<\/span>\n\t\t\t\t\t\t\t\t\t\t\t\t<figure class=\"full-width\">\n\t\t\t\t\t\t\t<img decoding=\"async\" src=\"https:\/\/www.smeraldoterme.it\/wp-content\/uploads\/2022\/12\/camera-superior-hotel-smeraldo-abano-terme-08.jpg\" \/>\n\t\t\t\t\t\t<\/figure>\n\t\t\t\t\t<\/div>\n\t\t\t\t\t\t\t<\/div>\n\t\t\t\t\t\t<div class=\"rooms-list-container-single\">\n\t\t\t\t<div class=\"rooms-list-container-single-content\">\n\t\t\t\t\t<div class=\"rooms-list-container-single-features\">\n\t\t\t\t\t\t\t\t\t\t\t\t\t<span class=\"feature-box\">\n\t\t\t\t\t\t\t\t<i class=\"fa-solid fa-user\"><\/i>\n\t\t\t\t\t\t\t\t2 G\u00e4ste\t\t\t\t\t\t\t<\/span>\n\t\t\t\t\t\t\t\t\t\t\t\t\t\t\t\t\t<\/div>\n\n\t\t\t\t\t<div class=\"rooms-list-container-single-short-description\">\n\t\t\t\t\t\t<h3 class=\"rooms-list-container-single-title\">Klassische Zimmer<\/h3>\n\t\t\t\t\t\t<p>Die Classic-Zimmer im Hotel Smeraldo sind komfortabel und gem\u00fctlich. Jedes Zimmer ist mit allen Annehmlichkeiten ausgestattet, um den Aufenthalt unserer G\u00e4ste so angenehm wie m\u00f6glich zu gestalten.<\/p>\n\t\t\t\t\t<\/div>\n\n\t\t\t\t\t<a href=\"https:\/\/www.smeraldoterme.it\/de\/room\/klassische-zimmer\/\" title=\"Klassische Zimmer\" class=\"btn rooms-list-container-single-button\">\n\t\t\t\t\t\tEntdecken Sie den Raum\t\t\t\t\t<\/a>\n\t\t\t\t<\/div>\n\t\t\t\t\t\t\t\t\t<div class=\"rooms-list-container-single-img\">\n\t\t\t\t\t\t\t\t\t\t\t\t\t<span class=\"label\">\n\t\t\t\t\t\t\t\tkomfortabel und gem\u00fctlich\t\t\t\t\t\t\t<\/span>\n\t\t\t\t\t\t\t\t\t\t\t\t<figure class=\"full-width\">\n\t\t\t\t\t\t\t<img decoding=\"async\" src=\"https:\/\/www.smeraldoterme.it\/wp-content\/uploads\/2021\/09\/camera-classic-hotel-smeraldo-abano.jpg\" \/>\n\t\t\t\t\t\t<\/figure>\n\t\t\t\t\t<\/div>\n\t\t\t\t\t\t\t<\/div>\n\t\t\t<\/div>\n\n<\/div>\n<\/div><\/div>","protected":false},"excerpt":{"rendered":"","protected":false},"author":1,"featured_media":1039,"parent":0,"menu_order":0,"comment_status":"closed","ping_status":"closed","template":"","meta":{"_acf_changed":false,"advgb_blocks_editor_width":"","advgb_blocks_columns_visual_guide":"","footnotes":""},"class_list":["post-1458","page","type-page","status-publish","has-post-thumbnail","hentry","entry"],"acf":[],"yoast_head":"<!-- This site is optimized with the Yoast SEO plugin v26.0 - https:\/\/yoast.com\/wordpress\/plugins\/seo\/ -->\n<title>Unsere Zimmer - Hotel Smeraldo<\/title>\n<meta name=\"description\" content=\"Das Hotel verf\u00fcgt \u00fcber 130 gepflegte, klassisch und raffiniert eingerichtete Zimmer, wobei Sie zwischen Classic- und Superior-Zimmern w\u00e4hlen k\u00f6nnen.\" \/>\n<meta name=\"robots\" content=\"index, follow, max-snippet:-1, max-image-preview:large, max-video-preview:-1\" \/>\n<link rel=\"canonical\" href=\"https:\/\/www.smeraldoterme.it\/de\/unsere-zimmer\/\" \/>\n<meta property=\"og:locale\" content=\"de_DE\" \/>\n<meta property=\"og:type\" content=\"article\" \/>\n<meta property=\"og:title\" content=\"Unsere Zimmer - Hotel Smeraldo\" \/>\n<meta property=\"og:description\" content=\"Das Hotel verf\u00fcgt \u00fcber 130 gepflegte, klassisch und raffiniert eingerichtete Zimmer, wobei Sie zwischen Classic- und Superior-Zimmern w\u00e4hlen k\u00f6nnen.\" \/>\n<meta property=\"og:url\" content=\"https:\/\/www.smeraldoterme.it\/de\/unsere-zimmer\/\" \/>\n<meta property=\"og:site_name\" content=\"Hotel Smeraldo\" \/>\n<meta property=\"og:image\" content=\"https:\/\/www.smeraldoterme.it\/wp-content\/uploads\/2022\/12\/camera-superior-hotel-smeraldo-abano-terme-05.jpg\" \/>\n\t<meta property=\"og:image:width\" content=\"1920\" \/>\n\t<meta property=\"og:image:height\" content=\"1200\" \/>\n\t<meta property=\"og:image:type\" content=\"image\/jpeg\" \/>\n<meta name=\"twitter:card\" content=\"summary_large_image\" \/>\n<script type=\"application\/ld+json\" class=\"yoast-schema-graph\">{\"@context\":\"https:\/\/schema.org\",\"@graph\":[{\"@type\":\"WebPage\",\"@id\":\"https:\/\/www.smeraldoterme.it\/de\/unsere-zimmer\/\",\"url\":\"https:\/\/www.smeraldoterme.it\/de\/unsere-zimmer\/\",\"name\":\"Unsere Zimmer - Hotel Smeraldo\",\"isPartOf\":{\"@id\":\"https:\/\/www.smeraldoterme.it\/de\/#website\"},\"primaryImageOfPage\":{\"@id\":\"https:\/\/www.smeraldoterme.it\/de\/unsere-zimmer\/#primaryimage\"},\"image\":{\"@id\":\"https:\/\/www.smeraldoterme.it\/de\/unsere-zimmer\/#primaryimage\"},\"thumbnailUrl\":\"https:\/\/www.smeraldoterme.it\/wp-content\/uploads\/2022\/12\/camera-superior-hotel-smeraldo-abano-terme-05.jpg\",\"datePublished\":\"2023-02-06T17:08:19+00:00\",\"description\":\"Das Hotel verf\u00fcgt \u00fcber 130 gepflegte, klassisch und raffiniert eingerichtete Zimmer, wobei Sie zwischen Classic- und Superior-Zimmern w\u00e4hlen k\u00f6nnen.\",\"breadcrumb\":{\"@id\":\"https:\/\/www.smeraldoterme.it\/de\/unsere-zimmer\/#breadcrumb\"},\"inLanguage\":\"de\",\"potentialAction\":[{\"@type\":\"ReadAction\",\"target\":[\"https:\/\/www.smeraldoterme.it\/de\/unsere-zimmer\/\"]}]},{\"@type\":\"ImageObject\",\"inLanguage\":\"de\",\"@id\":\"https:\/\/www.smeraldoterme.it\/de\/unsere-zimmer\/#primaryimage\",\"url\":\"https:\/\/www.smeraldoterme.it\/wp-content\/uploads\/2022\/12\/camera-superior-hotel-smeraldo-abano-terme-05.jpg\",\"contentUrl\":\"https:\/\/www.smeraldoterme.it\/wp-content\/uploads\/2022\/12\/camera-superior-hotel-smeraldo-abano-terme-05.jpg\",\"width\":1920,\"height\":1200},{\"@type\":\"BreadcrumbList\",\"@id\":\"https:\/\/www.smeraldoterme.it\/de\/unsere-zimmer\/#breadcrumb\",\"itemListElement\":[{\"@type\":\"ListItem\",\"position\":1,\"name\":\"Home\",\"item\":\"https:\/\/www.smeraldoterme.it\/de\/\"},{\"@type\":\"ListItem\",\"position\":2,\"name\":\"Unsere Zimmer\"}]},{\"@type\":\"WebSite\",\"@id\":\"https:\/\/www.smeraldoterme.it\/de\/#website\",\"url\":\"https:\/\/www.smeraldoterme.it\/de\/\",\"name\":\"Hotel Smeraldo\",\"description\":\"\",\"publisher\":{\"@id\":\"https:\/\/www.smeraldoterme.it\/de\/#organization\"},\"potentialAction\":[{\"@type\":\"SearchAction\",\"target\":{\"@type\":\"EntryPoint\",\"urlTemplate\":\"https:\/\/www.smeraldoterme.it\/de\/?s={search_term_string}\"},\"query-input\":{\"@type\":\"PropertyValueSpecification\",\"valueRequired\":true,\"valueName\":\"search_term_string\"}}],\"inLanguage\":\"de\"},{\"@type\":\"Organization\",\"@id\":\"https:\/\/www.smeraldoterme.it\/de\/#organization\",\"name\":\"Hotel Smeraldo\",\"url\":\"https:\/\/www.smeraldoterme.it\/de\/\",\"logo\":{\"@type\":\"ImageObject\",\"inLanguage\":\"de\",\"@id\":\"https:\/\/www.smeraldoterme.it\/de\/#\/schema\/logo\/image\/\",\"url\":\"https:\/\/www.smeraldoterme.it\/wp-content\/uploads\/2022\/11\/logo-hotel-smeraldo.png\",\"contentUrl\":\"https:\/\/www.smeraldoterme.it\/wp-content\/uploads\/2022\/11\/logo-hotel-smeraldo.png\",\"width\":400,\"height\":114,\"caption\":\"Hotel Smeraldo\"},\"image\":{\"@id\":\"https:\/\/www.smeraldoterme.it\/de\/#\/schema\/logo\/image\/\"}}]}<\/script>\n<!-- \/ Yoast SEO plugin. -->","yoast_head_json":{"title":"Unsere Zimmer - Hotel Smeraldo","description":"Das Hotel verf\u00fcgt \u00fcber 130 gepflegte, klassisch und raffiniert eingerichtete Zimmer, wobei Sie zwischen Classic- und Superior-Zimmern w\u00e4hlen k\u00f6nnen.","robots":{"index":"index","follow":"follow","max-snippet":"max-snippet:-1","max-image-preview":"max-image-preview:large","max-video-preview":"max-video-preview:-1"},"canonical":"https:\/\/www.smeraldoterme.it\/de\/unsere-zimmer\/","og_locale":"de_DE","og_type":"article","og_title":"Unsere Zimmer - Hotel Smeraldo","og_description":"Das Hotel verf\u00fcgt \u00fcber 130 gepflegte, klassisch und raffiniert eingerichtete Zimmer, wobei Sie zwischen Classic- und Superior-Zimmern w\u00e4hlen k\u00f6nnen.","og_url":"https:\/\/www.smeraldoterme.it\/de\/unsere-zimmer\/","og_site_name":"Hotel Smeraldo","og_image":[{"width":1920,"height":1200,"url":"https:\/\/www.smeraldoterme.it\/wp-content\/uploads\/2022\/12\/camera-superior-hotel-smeraldo-abano-terme-05.jpg","type":"image\/jpeg"}],"twitter_card":"summary_large_image","schema":{"@context":"https:\/\/schema.org","@graph":[{"@type":"WebPage","@id":"https:\/\/www.smeraldoterme.it\/de\/unsere-zimmer\/","url":"https:\/\/www.smeraldoterme.it\/de\/unsere-zimmer\/","name":"Unsere Zimmer - Hotel Smeraldo","isPartOf":{"@id":"https:\/\/www.smeraldoterme.it\/de\/#website"},"primaryImageOfPage":{"@id":"https:\/\/www.smeraldoterme.it\/de\/unsere-zimmer\/#primaryimage"},"image":{"@id":"https:\/\/www.smeraldoterme.it\/de\/unsere-zimmer\/#primaryimage"},"thumbnailUrl":"https:\/\/www.smeraldoterme.it\/wp-content\/uploads\/2022\/12\/camera-superior-hotel-smeraldo-abano-terme-05.jpg","datePublished":"2023-02-06T17:08:19+00:00","description":"Das Hotel verf\u00fcgt \u00fcber 130 gepflegte, klassisch und raffiniert eingerichtete Zimmer, wobei Sie zwischen Classic- und Superior-Zimmern w\u00e4hlen k\u00f6nnen.","breadcrumb":{"@id":"https:\/\/www.smeraldoterme.it\/de\/unsere-zimmer\/#breadcrumb"},"inLanguage":"de","potentialAction":[{"@type":"ReadAction","target":["https:\/\/www.smeraldoterme.it\/de\/unsere-zimmer\/"]}]},{"@type":"ImageObject","inLanguage":"de","@id":"https:\/\/www.smeraldoterme.it\/de\/unsere-zimmer\/#primaryimage","url":"https:\/\/www.smeraldoterme.it\/wp-content\/uploads\/2022\/12\/camera-superior-hotel-smeraldo-abano-terme-05.jpg","contentUrl":"https:\/\/www.smeraldoterme.it\/wp-content\/uploads\/2022\/12\/camera-superior-hotel-smeraldo-abano-terme-05.jpg","width":1920,"height":1200},{"@type":"BreadcrumbList","@id":"https:\/\/www.smeraldoterme.it\/de\/unsere-zimmer\/#breadcrumb","itemListElement":[{"@type":"ListItem","position":1,"name":"Home","item":"https:\/\/www.smeraldoterme.it\/de\/"},{"@type":"ListItem","position":2,"name":"Unsere Zimmer"}]},{"@type":"WebSite","@id":"https:\/\/www.smeraldoterme.it\/de\/#website","url":"https:\/\/www.smeraldoterme.it\/de\/","name":"Hotel Smeraldo","description":"","publisher":{"@id":"https:\/\/www.smeraldoterme.it\/de\/#organization"},"potentialAction":[{"@type":"SearchAction","target":{"@type":"EntryPoint","urlTemplate":"https:\/\/www.smeraldoterme.it\/de\/?s={search_term_string}"},"query-input":{"@type":"PropertyValueSpecification","valueRequired":true,"valueName":"search_term_string"}}],"inLanguage":"de"},{"@type":"Organization","@id":"https:\/\/www.smeraldoterme.it\/de\/#organization","name":"Hotel Smeraldo","url":"https:\/\/www.smeraldoterme.it\/de\/","logo":{"@type":"ImageObject","inLanguage":"de","@id":"https:\/\/www.smeraldoterme.it\/de\/#\/schema\/logo\/image\/","url":"https:\/\/www.smeraldoterme.it\/wp-content\/uploads\/2022\/11\/logo-hotel-smeraldo.png","contentUrl":"https:\/\/www.smeraldoterme.it\/wp-content\/uploads\/2022\/11\/logo-hotel-smeraldo.png","width":400,"height":114,"caption":"Hotel Smeraldo"},"image":{"@id":"https:\/\/www.smeraldoterme.it\/de\/#\/schema\/logo\/image\/"}}]}},"coauthors":[],"author_meta":{"author_link":"https:\/\/www.smeraldoterme.it\/de\/author\/jampaa\/","display_name":"Jampaa"},"relative_dates":{"created":"Posted 3\u00a0Jahren ago","modified":"Updated 3\u00a0Jahren ago"},"absolute_dates":{"created":"Posted on Februar 6, 2023","modified":"Updated on Februar 6, 2023"},"absolute_dates_time":{"created":"Posted on Februar 6, 2023 6:08 p.m.","modified":"Updated on Februar 6, 2023 6:08 p.m."},"featured_img_caption":"","featured_img":"https:\/\/www.smeraldoterme.it\/wp-content\/uploads\/2022\/12\/camera-superior-hotel-smeraldo-abano-terme-05-1568x980.jpg","series_order":"","_links":{"self":[{"href":"https:\/\/www.smeraldoterme.it\/de\/wp-json\/wp\/v2\/pages\/1458","targetHints":{"allow":["GET"]}}],"collection":[{"href":"https:\/\/www.smeraldoterme.it\/de\/wp-json\/wp\/v2\/pages"}],"about":[{"href":"https:\/\/www.smeraldoterme.it\/de\/wp-json\/wp\/v2\/types\/page"}],"author":[{"embeddable":true,"href":"https:\/\/www.smeraldoterme.it\/de\/wp-json\/wp\/v2\/users\/1"}],"replies":[{"embeddable":true,"href":"https:\/\/www.smeraldoterme.it\/de\/wp-json\/wp\/v2\/comments?post=1458"}],"version-history":[{"count":1,"href":"https:\/\/www.smeraldoterme.it\/de\/wp-json\/wp\/v2\/pages\/1458\/revisions"}],"predecessor-version":[{"id":1459,"href":"https:\/\/www.smeraldoterme.it\/de\/wp-json\/wp\/v2\/pages\/1458\/revisions\/1459"}],"wp:featuredmedia":[{"embeddable":true,"href":"https:\/\/www.smeraldoterme.it\/de\/wp-json\/wp\/v2\/media\/1039"}],"wp:attachment":[{"href":"https:\/\/www.smeraldoterme.it\/de\/wp-json\/wp\/v2\/media?parent=1458"}],"curies":[{"name":"wp","href":"https:\/\/api.w.org\/{rel}","templated":true}]}}