{"id":1371,"date":"2023-01-26T21:47:21","date_gmt":"2023-01-26T20:47:21","guid":{"rendered":"https:\/\/www.smeraldoterme.it\/gallery\/"},"modified":"2023-01-26T21:47:25","modified_gmt":"2023-01-26T20:47:25","slug":"gallery","status":"publish","type":"page","link":"https:\/\/www.smeraldoterme.it\/de\/gallery\/","title":{"rendered":"Gallery"},"content":{"rendered":"<!--\n<div class=\"gallery-container-buttons\">\n    <a href=\"#\" class=\"image active\">\n        Galerie der Fotos    <\/a>\n    <a href=\"https:\/\/www.smeraldoterme.it\/de\/gallery\/\" class=\"video \">\n        Galerie der Videos    <\/a>\n<\/div>\n-->\n<div class=\"gallery-container-wrapper gallery-container-image\">\n    <div class=\"gallery-container-wrapper-single\">                <figure class=\"full-width\" onclick=\"showHideFotorama('gallery-image', 0);\">\n                    <img decoding=\"async\" src=\"https:\/\/www.smeraldoterme.it\/wp-content\/uploads\/2022\/12\/piscine-hotel-smeraldo-abano-04.jpg\" alt=\"Piscina interna &#8211; 01\">\n                <\/figure>\n                <\/div><div class=\"gallery-container-wrapper-single\">                <figure class=\"full-width\" onclick=\"showHideFotorama('gallery-image', 1);\">\n                    <img decoding=\"async\" src=\"https:\/\/www.smeraldoterme.it\/wp-content\/uploads\/2022\/12\/piscina-hotel-smeraldo-abano-02.jpg\" alt=\"Piscina interna &#8211; 03\">\n                <\/figure>\n                <\/div><div class=\"gallery-container-wrapper-single\">                <figure class=\"full-width\" onclick=\"showHideFotorama('gallery-image', 2);\">\n                    <img decoding=\"async\" src=\"https:\/\/www.smeraldoterme.it\/wp-content\/uploads\/2022\/12\/hotel-smeraldo-abano-terme.jpg\" alt=\"Hotel Smeraldo\">\n                <\/figure>\n                <\/div><div class=\"gallery-container-wrapper-single\">                <figure class=\"full-width\" onclick=\"showHideFotorama('gallery-image', 3);\">\n                    <img decoding=\"async\" src=\"https:\/\/www.smeraldoterme.it\/wp-content\/uploads\/2022\/12\/camera-superior-hotel-smeraldo-abano-terme-05.jpg\" alt=\"Camera superior &#8211; 01\">\n                <\/figure>\n                <\/div><div class=\"gallery-container-wrapper-single\">                <figure class=\"full-width\" onclick=\"showHideFotorama('gallery-image', 4);\">\n                    <img decoding=\"async\" src=\"https:\/\/www.smeraldoterme.it\/wp-content\/uploads\/2022\/12\/camera-superior-hotel-smeraldo-abano-terme-04.jpg\" alt=\"Camera superior &#8211; 02\">\n                <\/figure>\n                <\/div><div class=\"gallery-container-wrapper-single\">                <figure class=\"full-width\" onclick=\"showHideFotorama('gallery-image', 5);\">\n                    <img decoding=\"async\" src=\"https:\/\/www.smeraldoterme.it\/wp-content\/uploads\/2022\/12\/camera-superior-hotel-smeraldo-abano-terme-06.jpg\" alt=\"Camera superior &#8211; 03\">\n                <\/figure>\n                <\/div><div class=\"gallery-container-wrapper-single\">                <figure class=\"full-width\" onclick=\"showHideFotorama('gallery-image', 6);\">\n                    <img decoding=\"async\" src=\"https:\/\/www.smeraldoterme.it\/wp-content\/uploads\/2022\/12\/camera-superior-hotel-smeraldo-abano-terme-03.jpg\" alt=\"Bagno camera superior\">\n                <\/figure>\n                <\/div><div class=\"gallery-container-wrapper-single\">                <figure class=\"full-width\" onclick=\"showHideFotorama('gallery-image', 7);\">\n                    <img decoding=\"async\" src=\"https:\/\/www.smeraldoterme.it\/wp-content\/uploads\/2022\/12\/colazione-hotel-smeraldo-abano-03.jpg\" alt=\"Colazione salata &#8211; 01\">\n                <\/figure>\n                <\/div><div class=\"gallery-container-wrapper-single\">                <figure class=\"full-width\" onclick=\"showHideFotorama('gallery-image', 8);\">\n                    <img decoding=\"async\" src=\"https:\/\/www.smeraldoterme.it\/wp-content\/uploads\/2022\/12\/piscine-termali-hotel-smeraldo-abano-01.jpg\" alt=\"Piscina esterna &#8211; 01\">\n                <\/figure>\n                <\/div><div class=\"gallery-container-wrapper-single\">                <figure class=\"full-width\" onclick=\"showHideFotorama('gallery-image', 9);\">\n                    <img decoding=\"async\" src=\"https:\/\/www.smeraldoterme.it\/wp-content\/uploads\/2022\/12\/ristorante-hotel-smeraldo-abano-04.jpg\" alt=\"Ristorante &#8211; 01\">\n                <\/figure>\n                <\/div><div class=\"gallery-container-wrapper-single\">                <figure class=\"full-width\" onclick=\"showHideFotorama('gallery-image', 10);\">\n                    <img decoding=\"async\" src=\"https:\/\/www.smeraldoterme.it\/wp-content\/uploads\/2022\/12\/ristorante-hotel-smeraldo-abano-02.jpg\" alt=\"Ristorante &#8211; 02\">\n                <\/figure>\n                <\/div><div class=\"gallery-container-wrapper-single\">                <figure class=\"full-width\" onclick=\"showHideFotorama('gallery-image', 11);\">\n                    <img decoding=\"async\" src=\"https:\/\/www.smeraldoterme.it\/wp-content\/uploads\/2022\/12\/ristorante-hotel-smeraldo-abano-03.jpg\" alt=\"Ristorante &#8211; 03\">\n                <\/figure>\n                <\/div><div class=\"gallery-container-wrapper-single\">                <figure class=\"full-width\" onclick=\"showHideFotorama('gallery-image', 12);\">\n                    <img decoding=\"async\" src=\"https:\/\/www.smeraldoterme.it\/wp-content\/uploads\/2022\/12\/colazione-hotel-smeraldo-abano-02.jpg\" alt=\"Colazione dolce &#8211; 01\">\n                <\/figure>\n                <\/div><div class=\"gallery-container-wrapper-single\">                <figure class=\"full-width\" onclick=\"showHideFotorama('gallery-image', 13);\">\n                    <img decoding=\"async\" src=\"https:\/\/www.smeraldoterme.it\/wp-content\/uploads\/2022\/12\/colazione-abano-hotel-smeraldo-05.jpg\" alt=\"Colazione dolce &#8211; 02\">\n                <\/figure>\n                <\/div><div class=\"gallery-container-wrapper-single\">                <figure class=\"full-width\" onclick=\"showHideFotorama('gallery-image', 14);\">\n                    <img decoding=\"async\" src=\"https:\/\/www.smeraldoterme.it\/wp-content\/uploads\/2023\/01\/colazione-hotel-smeraldo-abano-terme-01.jpg\" alt=\"Colazione dolce &#8211; 03\">\n                <\/figure>\n                <\/div><div class=\"gallery-container-wrapper-single\">                <figure class=\"full-width\" onclick=\"showHideFotorama('gallery-image', 15);\">\n                    <img decoding=\"async\" src=\"https:\/\/www.smeraldoterme.it\/wp-content\/uploads\/2023\/01\/colazione-hotel-smeraldo-abano-terme-03.jpg\" alt=\"Colazione dolce &#8211; 04\">\n                <\/figure>\n                <\/div><div class=\"gallery-container-wrapper-single\">                <figure class=\"full-width\" onclick=\"showHideFotorama('gallery-image', 16);\">\n                    <img decoding=\"async\" src=\"https:\/\/www.smeraldoterme.it\/wp-content\/uploads\/2023\/01\/colazione-hotel-smeraldo-abano-terme-07.jpg\" alt=\"Colazione dolce &#8211; 05\">\n                <\/figure>\n                <\/div><div class=\"gallery-container-wrapper-single\">                <figure class=\"full-width\" onclick=\"showHideFotorama('gallery-image', 17);\">\n                    <img decoding=\"async\" src=\"https:\/\/www.smeraldoterme.it\/wp-content\/uploads\/2023\/01\/colazione-hotel-smeraldo-abano-terme-05.jpg\" alt=\"Colazione salata &#8211; 02\">\n                <\/figure>\n                <\/div><div class=\"gallery-container-wrapper-single\">                <figure class=\"full-width\" onclick=\"showHideFotorama('gallery-image', 18);\">\n                    <img decoding=\"async\" src=\"https:\/\/www.smeraldoterme.it\/wp-content\/uploads\/2023\/01\/colazione-hotel-smeraldo-abano-terme-08.jpg\" alt=\"Sala colazione\">\n                <\/figure>\n                <\/div><div class=\"gallery-container-wrapper-single\">                <figure class=\"full-width\" onclick=\"showHideFotorama('gallery-image', 19);\">\n                    <img decoding=\"async\" src=\"https:\/\/www.smeraldoterme.it\/wp-content\/uploads\/2021\/09\/camera-classic-hotel-smeraldo-abano.jpg\" alt=\"Camera classic &#8211; 01\">\n                <\/figure>\n                <\/div><div class=\"gallery-container-wrapper-single\">                <figure class=\"full-width\" onclick=\"showHideFotorama('gallery-image', 20);\">\n                    <img decoding=\"async\" src=\"https:\/\/www.smeraldoterme.it\/wp-content\/uploads\/2021\/09\/camera-classic-hotel-smeraldo-abano-terme-04.jpg\" alt=\"Camera classic &#8211; 03\">\n                <\/figure>\n                <\/div><div class=\"gallery-container-wrapper-single\">                <figure class=\"full-width\" onclick=\"showHideFotorama('gallery-image', 21);\">\n                    <img decoding=\"async\" src=\"https:\/\/www.smeraldoterme.it\/wp-content\/uploads\/2022\/12\/interni-hotel-smeraldo-abano-terme.jpg\" alt=\"Interni hotel &#8211; 01\">\n                <\/figure>\n                <\/div><div class=\"gallery-container-wrapper-single\">                <figure class=\"full-width\" onclick=\"showHideFotorama('gallery-image', 22);\">\n                    <img decoding=\"async\" src=\"https:\/\/www.smeraldoterme.it\/wp-content\/uploads\/2023\/02\/Piscina-esterna-02.jpg\" alt=\"Piscina esterna &#8211; 02\">\n                <\/figure>\n                <\/div><div class=\"gallery-container-wrapper-single\">                <figure class=\"full-width\" onclick=\"showHideFotorama('gallery-image', 23);\">\n                    <img decoding=\"async\" src=\"https:\/\/www.smeraldoterme.it\/wp-content\/uploads\/2023\/02\/Piscina-esterna-03.jpg\" alt=\"Piscina esterna \u2013 03\">\n                <\/figure>\n                <\/div><div class=\"gallery-container-wrapper-single\">                <figure class=\"full-width\" onclick=\"showHideFotorama('gallery-image', 24);\">\n                    <img decoding=\"async\" src=\"https:\/\/www.smeraldoterme.it\/wp-content\/uploads\/2023\/02\/Piscina-esterna-04.jpg\" alt=\"Piscina esterna \u2013 04\">\n                <\/figure>\n                <\/div><div class=\"gallery-container-wrapper-single\">                <figure class=\"full-width\" onclick=\"showHideFotorama('gallery-image', 25);\">\n                    <img decoding=\"async\" src=\"https:\/\/www.smeraldoterme.it\/wp-content\/uploads\/2023\/02\/Interni-Hotel-Smeraldo-Terme-01.jpg\" alt=\"Interni-01\">\n                <\/figure>\n                <\/div><div class=\"gallery-container-wrapper-single\">                <figure class=\"full-width\" onclick=\"showHideFotorama('gallery-image', 26);\">\n                    <img decoding=\"async\" src=\"https:\/\/www.smeraldoterme.it\/wp-content\/uploads\/2023\/02\/Interni-Hotel-Smeraldo-Terme-02.jpg\" alt=\"Interni-02\">\n                <\/figure>\n                <\/div>            <\/div>\n\n<div style=\"width:1px;height:1px;\" id=\"gallery-image\" class=\"fotorama\" data-width=\"100%\" data-nav=\"thumbs\" data-allowfullscreen=\"true\"><img decoding=\"async\" src=\"https:\/\/www.smeraldoterme.it\/wp-content\/uploads\/2022\/12\/piscine-hotel-smeraldo-abano-04.jpg\" class=\"attachment-full skip-lazy\" \/><img decoding=\"async\" src=\"https:\/\/www.smeraldoterme.it\/wp-content\/uploads\/2022\/12\/piscina-hotel-smeraldo-abano-02.jpg\" class=\"attachment-full skip-lazy\" \/><img decoding=\"async\" src=\"https:\/\/www.smeraldoterme.it\/wp-content\/uploads\/2022\/12\/hotel-smeraldo-abano-terme.jpg\" class=\"attachment-full skip-lazy\" \/><img decoding=\"async\" src=\"https:\/\/www.smeraldoterme.it\/wp-content\/uploads\/2022\/12\/camera-superior-hotel-smeraldo-abano-terme-05.jpg\" class=\"attachment-full skip-lazy\" \/><img decoding=\"async\" src=\"https:\/\/www.smeraldoterme.it\/wp-content\/uploads\/2022\/12\/camera-superior-hotel-smeraldo-abano-terme-04.jpg\" class=\"attachment-full skip-lazy\" \/><img decoding=\"async\" src=\"https:\/\/www.smeraldoterme.it\/wp-content\/uploads\/2022\/12\/camera-superior-hotel-smeraldo-abano-terme-06.jpg\" class=\"attachment-full skip-lazy\" \/><img decoding=\"async\" src=\"https:\/\/www.smeraldoterme.it\/wp-content\/uploads\/2022\/12\/camera-superior-hotel-smeraldo-abano-terme-03.jpg\" class=\"attachment-full skip-lazy\" \/><img decoding=\"async\" src=\"https:\/\/www.smeraldoterme.it\/wp-content\/uploads\/2022\/12\/colazione-hotel-smeraldo-abano-03.jpg\" class=\"attachment-full skip-lazy\" \/><img decoding=\"async\" src=\"https:\/\/www.smeraldoterme.it\/wp-content\/uploads\/2022\/12\/piscine-termali-hotel-smeraldo-abano-01.jpg\" class=\"attachment-full skip-lazy\" \/><img decoding=\"async\" src=\"https:\/\/www.smeraldoterme.it\/wp-content\/uploads\/2022\/12\/ristorante-hotel-smeraldo-abano-04.jpg\" class=\"attachment-full skip-lazy\" \/><img decoding=\"async\" src=\"https:\/\/www.smeraldoterme.it\/wp-content\/uploads\/2022\/12\/ristorante-hotel-smeraldo-abano-02.jpg\" class=\"attachment-full skip-lazy\" \/><img decoding=\"async\" src=\"https:\/\/www.smeraldoterme.it\/wp-content\/uploads\/2022\/12\/ristorante-hotel-smeraldo-abano-03.jpg\" class=\"attachment-full skip-lazy\" \/><img decoding=\"async\" src=\"https:\/\/www.smeraldoterme.it\/wp-content\/uploads\/2022\/12\/colazione-hotel-smeraldo-abano-02.jpg\" class=\"attachment-full skip-lazy\" \/><img decoding=\"async\" src=\"https:\/\/www.smeraldoterme.it\/wp-content\/uploads\/2022\/12\/colazione-abano-hotel-smeraldo-05.jpg\" class=\"attachment-full skip-lazy\" \/><img decoding=\"async\" src=\"https:\/\/www.smeraldoterme.it\/wp-content\/uploads\/2023\/01\/colazione-hotel-smeraldo-abano-terme-01.jpg\" class=\"attachment-full skip-lazy\" \/><img decoding=\"async\" src=\"https:\/\/www.smeraldoterme.it\/wp-content\/uploads\/2023\/01\/colazione-hotel-smeraldo-abano-terme-03.jpg\" class=\"attachment-full skip-lazy\" \/><img decoding=\"async\" src=\"https:\/\/www.smeraldoterme.it\/wp-content\/uploads\/2023\/01\/colazione-hotel-smeraldo-abano-terme-07.jpg\" class=\"attachment-full skip-lazy\" \/><img decoding=\"async\" src=\"https:\/\/www.smeraldoterme.it\/wp-content\/uploads\/2023\/01\/colazione-hotel-smeraldo-abano-terme-05.jpg\" class=\"attachment-full skip-lazy\" \/><img decoding=\"async\" src=\"https:\/\/www.smeraldoterme.it\/wp-content\/uploads\/2023\/01\/colazione-hotel-smeraldo-abano-terme-08.jpg\" class=\"attachment-full skip-lazy\" \/><img decoding=\"async\" src=\"https:\/\/www.smeraldoterme.it\/wp-content\/uploads\/2021\/09\/camera-classic-hotel-smeraldo-abano.jpg\" class=\"attachment-full skip-lazy\" \/><img decoding=\"async\" src=\"https:\/\/www.smeraldoterme.it\/wp-content\/uploads\/2021\/09\/camera-classic-hotel-smeraldo-abano-terme-04.jpg\" class=\"attachment-full skip-lazy\" \/><img decoding=\"async\" src=\"https:\/\/www.smeraldoterme.it\/wp-content\/uploads\/2022\/12\/interni-hotel-smeraldo-abano-terme.jpg\" class=\"attachment-full skip-lazy\" \/><img decoding=\"async\" src=\"https:\/\/www.smeraldoterme.it\/wp-content\/uploads\/2023\/02\/Piscina-esterna-02.jpg\" class=\"attachment-full skip-lazy\" \/><img decoding=\"async\" src=\"https:\/\/www.smeraldoterme.it\/wp-content\/uploads\/2023\/02\/Piscina-esterna-03.jpg\" class=\"attachment-full skip-lazy\" \/><img decoding=\"async\" src=\"https:\/\/www.smeraldoterme.it\/wp-content\/uploads\/2023\/02\/Piscina-esterna-04.jpg\" class=\"attachment-full skip-lazy\" \/><img decoding=\"async\" src=\"https:\/\/www.smeraldoterme.it\/wp-content\/uploads\/2023\/02\/Interni-Hotel-Smeraldo-Terme-01.jpg\" class=\"attachment-full skip-lazy\" \/><img decoding=\"async\" src=\"https:\/\/www.smeraldoterme.it\/wp-content\/uploads\/2023\/02\/Interni-Hotel-Smeraldo-Terme-02.jpg\" class=\"attachment-full skip-lazy\" \/><\/div>\n","protected":false},"excerpt":{"rendered":"","protected":false},"author":1,"featured_media":801,"parent":0,"menu_order":0,"comment_status":"closed","ping_status":"closed","template":"","meta":{"_acf_changed":false,"advgb_blocks_editor_width":"","advgb_blocks_columns_visual_guide":"","footnotes":""},"class_list":["post-1371","page","type-page","status-publish","has-post-thumbnail","hentry","entry"],"acf":[],"yoast_head":"<!-- This site is optimized with the Yoast SEO plugin v26.0 - https:\/\/yoast.com\/wordpress\/plugins\/seo\/ -->\n<title>Gallery - Hotel Smeraldo<\/title>\n<meta name=\"description\" content=\"Gallery Hotel smeraldo Entdecken Sie, was Sie in Ihrem n\u00e4chsten Urlaub erwartet: Thermalbecken und exzellente K\u00fcche, nur wenige Schritte von den Euganeischen H\u00fcgeln entfernt\" \/>\n<meta name=\"robots\" content=\"index, follow, max-snippet:-1, max-image-preview:large, max-video-preview:-1\" \/>\n<link rel=\"canonical\" href=\"https:\/\/www.smeraldoterme.it\/de\/gallery\/\" \/>\n<meta property=\"og:locale\" content=\"de_DE\" \/>\n<meta property=\"og:type\" content=\"article\" \/>\n<meta property=\"og:title\" content=\"Gallery - Hotel Smeraldo\" \/>\n<meta property=\"og:description\" content=\"Gallery Hotel smeraldo Entdecken Sie, was Sie in Ihrem n\u00e4chsten Urlaub erwartet: Thermalbecken und exzellente K\u00fcche, nur wenige Schritte von den Euganeischen H\u00fcgeln entfernt\" \/>\n<meta property=\"og:url\" content=\"https:\/\/www.smeraldoterme.it\/de\/gallery\/\" \/>\n<meta property=\"og:site_name\" content=\"Hotel Smeraldo\" \/>\n<meta property=\"article:modified_time\" content=\"2023-01-26T20:47:25+00:00\" \/>\n<meta property=\"og:image\" content=\"https:\/\/www.smeraldoterme.it\/wp-content\/uploads\/2022\/12\/hotel-smeraldo-abano-terme-01.jpg\" \/>\n\t<meta property=\"og:image:width\" content=\"1920\" \/>\n\t<meta property=\"og:image:height\" content=\"1000\" \/>\n\t<meta property=\"og:image:type\" content=\"image\/jpeg\" \/>\n<meta name=\"twitter:card\" content=\"summary_large_image\" \/>\n<script type=\"application\/ld+json\" class=\"yoast-schema-graph\">{\"@context\":\"https:\/\/schema.org\",\"@graph\":[{\"@type\":\"WebPage\",\"@id\":\"https:\/\/www.smeraldoterme.it\/de\/gallery\/\",\"url\":\"https:\/\/www.smeraldoterme.it\/de\/gallery\/\",\"name\":\"Gallery - Hotel Smeraldo\",\"isPartOf\":{\"@id\":\"https:\/\/www.smeraldoterme.it\/de\/#website\"},\"primaryImageOfPage\":{\"@id\":\"https:\/\/www.smeraldoterme.it\/de\/gallery\/#primaryimage\"},\"image\":{\"@id\":\"https:\/\/www.smeraldoterme.it\/de\/gallery\/#primaryimage\"},\"thumbnailUrl\":\"https:\/\/www.smeraldoterme.it\/wp-content\/uploads\/2022\/12\/hotel-smeraldo-abano-terme-01.jpg\",\"datePublished\":\"2023-01-26T20:47:21+00:00\",\"dateModified\":\"2023-01-26T20:47:25+00:00\",\"description\":\"Gallery Hotel smeraldo Entdecken Sie, was Sie in Ihrem n\u00e4chsten Urlaub erwartet: Thermalbecken und exzellente K\u00fcche, nur wenige Schritte von den Euganeischen H\u00fcgeln entfernt\",\"breadcrumb\":{\"@id\":\"https:\/\/www.smeraldoterme.it\/de\/gallery\/#breadcrumb\"},\"inLanguage\":\"de\",\"potentialAction\":[{\"@type\":\"ReadAction\",\"target\":[\"https:\/\/www.smeraldoterme.it\/de\/gallery\/\"]}]},{\"@type\":\"ImageObject\",\"inLanguage\":\"de\",\"@id\":\"https:\/\/www.smeraldoterme.it\/de\/gallery\/#primaryimage\",\"url\":\"https:\/\/www.smeraldoterme.it\/wp-content\/uploads\/2022\/12\/hotel-smeraldo-abano-terme-01.jpg\",\"contentUrl\":\"https:\/\/www.smeraldoterme.it\/wp-content\/uploads\/2022\/12\/hotel-smeraldo-abano-terme-01.jpg\",\"width\":1920,\"height\":1000},{\"@type\":\"BreadcrumbList\",\"@id\":\"https:\/\/www.smeraldoterme.it\/de\/gallery\/#breadcrumb\",\"itemListElement\":[{\"@type\":\"ListItem\",\"position\":1,\"name\":\"Home\",\"item\":\"https:\/\/www.smeraldoterme.it\/de\/\"},{\"@type\":\"ListItem\",\"position\":2,\"name\":\"Gallery\"}]},{\"@type\":\"WebSite\",\"@id\":\"https:\/\/www.smeraldoterme.it\/de\/#website\",\"url\":\"https:\/\/www.smeraldoterme.it\/de\/\",\"name\":\"Hotel Smeraldo\",\"description\":\"\",\"publisher\":{\"@id\":\"https:\/\/www.smeraldoterme.it\/de\/#organization\"},\"potentialAction\":[{\"@type\":\"SearchAction\",\"target\":{\"@type\":\"EntryPoint\",\"urlTemplate\":\"https:\/\/www.smeraldoterme.it\/de\/?s={search_term_string}\"},\"query-input\":{\"@type\":\"PropertyValueSpecification\",\"valueRequired\":true,\"valueName\":\"search_term_string\"}}],\"inLanguage\":\"de\"},{\"@type\":\"Organization\",\"@id\":\"https:\/\/www.smeraldoterme.it\/de\/#organization\",\"name\":\"Hotel Smeraldo\",\"url\":\"https:\/\/www.smeraldoterme.it\/de\/\",\"logo\":{\"@type\":\"ImageObject\",\"inLanguage\":\"de\",\"@id\":\"https:\/\/www.smeraldoterme.it\/de\/#\/schema\/logo\/image\/\",\"url\":\"https:\/\/www.smeraldoterme.it\/wp-content\/uploads\/2022\/11\/logo-hotel-smeraldo.png\",\"contentUrl\":\"https:\/\/www.smeraldoterme.it\/wp-content\/uploads\/2022\/11\/logo-hotel-smeraldo.png\",\"width\":400,\"height\":114,\"caption\":\"Hotel Smeraldo\"},\"image\":{\"@id\":\"https:\/\/www.smeraldoterme.it\/de\/#\/schema\/logo\/image\/\"}}]}<\/script>\n<!-- \/ Yoast SEO plugin. -->","yoast_head_json":{"title":"Gallery - Hotel Smeraldo","description":"Gallery Hotel smeraldo Entdecken Sie, was Sie in Ihrem n\u00e4chsten Urlaub erwartet: Thermalbecken und exzellente K\u00fcche, nur wenige Schritte von den Euganeischen H\u00fcgeln entfernt","robots":{"index":"index","follow":"follow","max-snippet":"max-snippet:-1","max-image-preview":"max-image-preview:large","max-video-preview":"max-video-preview:-1"},"canonical":"https:\/\/www.smeraldoterme.it\/de\/gallery\/","og_locale":"de_DE","og_type":"article","og_title":"Gallery - Hotel Smeraldo","og_description":"Gallery Hotel smeraldo Entdecken Sie, was Sie in Ihrem n\u00e4chsten Urlaub erwartet: Thermalbecken und exzellente K\u00fcche, nur wenige Schritte von den Euganeischen H\u00fcgeln entfernt","og_url":"https:\/\/www.smeraldoterme.it\/de\/gallery\/","og_site_name":"Hotel Smeraldo","article_modified_time":"2023-01-26T20:47:25+00:00","og_image":[{"width":1920,"height":1000,"url":"https:\/\/www.smeraldoterme.it\/wp-content\/uploads\/2022\/12\/hotel-smeraldo-abano-terme-01.jpg","type":"image\/jpeg"}],"twitter_card":"summary_large_image","schema":{"@context":"https:\/\/schema.org","@graph":[{"@type":"WebPage","@id":"https:\/\/www.smeraldoterme.it\/de\/gallery\/","url":"https:\/\/www.smeraldoterme.it\/de\/gallery\/","name":"Gallery - Hotel Smeraldo","isPartOf":{"@id":"https:\/\/www.smeraldoterme.it\/de\/#website"},"primaryImageOfPage":{"@id":"https:\/\/www.smeraldoterme.it\/de\/gallery\/#primaryimage"},"image":{"@id":"https:\/\/www.smeraldoterme.it\/de\/gallery\/#primaryimage"},"thumbnailUrl":"https:\/\/www.smeraldoterme.it\/wp-content\/uploads\/2022\/12\/hotel-smeraldo-abano-terme-01.jpg","datePublished":"2023-01-26T20:47:21+00:00","dateModified":"2023-01-26T20:47:25+00:00","description":"Gallery Hotel smeraldo Entdecken Sie, was Sie in Ihrem n\u00e4chsten Urlaub erwartet: Thermalbecken und exzellente K\u00fcche, nur wenige Schritte von den Euganeischen H\u00fcgeln entfernt","breadcrumb":{"@id":"https:\/\/www.smeraldoterme.it\/de\/gallery\/#breadcrumb"},"inLanguage":"de","potentialAction":[{"@type":"ReadAction","target":["https:\/\/www.smeraldoterme.it\/de\/gallery\/"]}]},{"@type":"ImageObject","inLanguage":"de","@id":"https:\/\/www.smeraldoterme.it\/de\/gallery\/#primaryimage","url":"https:\/\/www.smeraldoterme.it\/wp-content\/uploads\/2022\/12\/hotel-smeraldo-abano-terme-01.jpg","contentUrl":"https:\/\/www.smeraldoterme.it\/wp-content\/uploads\/2022\/12\/hotel-smeraldo-abano-terme-01.jpg","width":1920,"height":1000},{"@type":"BreadcrumbList","@id":"https:\/\/www.smeraldoterme.it\/de\/gallery\/#breadcrumb","itemListElement":[{"@type":"ListItem","position":1,"name":"Home","item":"https:\/\/www.smeraldoterme.it\/de\/"},{"@type":"ListItem","position":2,"name":"Gallery"}]},{"@type":"WebSite","@id":"https:\/\/www.smeraldoterme.it\/de\/#website","url":"https:\/\/www.smeraldoterme.it\/de\/","name":"Hotel Smeraldo","description":"","publisher":{"@id":"https:\/\/www.smeraldoterme.it\/de\/#organization"},"potentialAction":[{"@type":"SearchAction","target":{"@type":"EntryPoint","urlTemplate":"https:\/\/www.smeraldoterme.it\/de\/?s={search_term_string}"},"query-input":{"@type":"PropertyValueSpecification","valueRequired":true,"valueName":"search_term_string"}}],"inLanguage":"de"},{"@type":"Organization","@id":"https:\/\/www.smeraldoterme.it\/de\/#organization","name":"Hotel Smeraldo","url":"https:\/\/www.smeraldoterme.it\/de\/","logo":{"@type":"ImageObject","inLanguage":"de","@id":"https:\/\/www.smeraldoterme.it\/de\/#\/schema\/logo\/image\/","url":"https:\/\/www.smeraldoterme.it\/wp-content\/uploads\/2022\/11\/logo-hotel-smeraldo.png","contentUrl":"https:\/\/www.smeraldoterme.it\/wp-content\/uploads\/2022\/11\/logo-hotel-smeraldo.png","width":400,"height":114,"caption":"Hotel Smeraldo"},"image":{"@id":"https:\/\/www.smeraldoterme.it\/de\/#\/schema\/logo\/image\/"}}]}},"coauthors":[],"author_meta":{"author_link":"https:\/\/www.smeraldoterme.it\/de\/author\/jampaa\/","display_name":"Jampaa"},"relative_dates":{"created":"Posted 3\u00a0Jahren ago","modified":"Updated 3\u00a0Jahren ago"},"absolute_dates":{"created":"Posted on Januar 26, 2023","modified":"Updated on Januar 26, 2023"},"absolute_dates_time":{"created":"Posted on Januar 26, 2023 9:47 p.m.","modified":"Updated on Januar 26, 2023 9:47 p.m."},"featured_img_caption":"","featured_img":"https:\/\/www.smeraldoterme.it\/wp-content\/uploads\/2022\/12\/hotel-smeraldo-abano-terme-01-1568x817.jpg","series_order":"","_links":{"self":[{"href":"https:\/\/www.smeraldoterme.it\/de\/wp-json\/wp\/v2\/pages\/1371","targetHints":{"allow":["GET"]}}],"collection":[{"href":"https:\/\/www.smeraldoterme.it\/de\/wp-json\/wp\/v2\/pages"}],"about":[{"href":"https:\/\/www.smeraldoterme.it\/de\/wp-json\/wp\/v2\/types\/page"}],"author":[{"embeddable":true,"href":"https:\/\/www.smeraldoterme.it\/de\/wp-json\/wp\/v2\/users\/1"}],"replies":[{"embeddable":true,"href":"https:\/\/www.smeraldoterme.it\/de\/wp-json\/wp\/v2\/comments?post=1371"}],"version-history":[{"count":3,"href":"https:\/\/www.smeraldoterme.it\/de\/wp-json\/wp\/v2\/pages\/1371\/revisions"}],"predecessor-version":[{"id":1374,"href":"https:\/\/www.smeraldoterme.it\/de\/wp-json\/wp\/v2\/pages\/1371\/revisions\/1374"}],"wp:featuredmedia":[{"embeddable":true,"href":"https:\/\/www.smeraldoterme.it\/de\/wp-json\/wp\/v2\/media\/801"}],"wp:attachment":[{"href":"https:\/\/www.smeraldoterme.it\/de\/wp-json\/wp\/v2\/media?parent=1371"}],"curies":[{"name":"wp","href":"https:\/\/api.w.org\/{rel}","templated":true}]}}